{"id":1002,"date":"2023-06-26T06:23:06","date_gmt":"2023-06-26T06:23:06","guid":{"rendered":"https:\/\/emtinternational.com\/applications\/converting\/"},"modified":"2024-10-14T19:49:14","modified_gmt":"2024-10-14T19:49:14","slug":"converting","status":"publish","type":"page","link":"https:\/\/emtinternational.com\/de\/applications\/converting\/","title":{"rendered":"Konvertieren"},"content":{"rendered":"\n<section class=\"hero hero--split block\" aria-labelledby=\"hero-heading\" style=\"background-image: url(https:\/\/emtinternational.com\/wp-content\/uploads\/2024\/10\/EMT-2414-Website_Theater-Graphic_1920x645_F.jpg);\">\n    <div class=\"wrapper-lg grid gap-xl\">\n        <div class=\"hero__content grid-12 grid-5-md flow text-color-white margin-block-auto\">\n            <h1 class=\"h2 no-margin\" id=\"hero-heading\">Konvertieren<\/h1>\n            <p class=\"fs-300 fw-500\">Papier-, Film- und Folienverpackungen, Umh\u00fcllungen und Anwendungen f\u00fcr Konsumg\u00fcter<\/p>\n            \t\t\t\n\t\t\t\n        <\/div>\n        <div class=\"hero__image grid-12 grid-7-md\">\n            <img loading=\"lazy\" decoding=\"async\" width=\"1200\" height=\"800\" src=\"https:\/\/emtinternational.com\/wp-content\/uploads\/2023\/10\/emt-converting-applications.jpg\" class=\"attachment-full size-full\" alt=\"EMT converting applications\" srcset=\"https:\/\/emtinternational.com\/wp-content\/uploads\/2023\/10\/emt-converting-applications.jpg 1200w, https:\/\/emtinternational.com\/wp-content\/uploads\/2023\/10\/emt-converting-applications-300x200.jpg 300w, https:\/\/emtinternational.com\/wp-content\/uploads\/2023\/10\/emt-converting-applications-1024x683.jpg 1024w, https:\/\/emtinternational.com\/wp-content\/uploads\/2023\/10\/emt-converting-applications-768x512.jpg 768w, https:\/\/emtinternational.com\/wp-content\/uploads\/2023\/10\/emt-converting-applications-600x400.jpg 600w\" sizes=\"auto, (max-width: 1200px) 100vw, 1200px\" \/>        <\/div>\n    <\/div>\n<\/section>\n\n\n<div class=\"yoast-breadcrumbs breadcrumbs wrapper-lg\"><span><span><a href=\"https:\/\/emtinternational.com\/de\/\"><span class=\"breadcrumbs__home\"><span class=\"visually-hidden\">Home<\/span><\/span><\/a><\/span>  <span><a href=\"https:\/\/emtinternational.com\/de\/applications\/\">Anwendungen<\/a><\/span>  <span class=\"breadcrumb_last\" aria-current=\"page\">Konvertieren<\/span><\/span><\/div>\n\n\n<div class=\"wp-block-columns full-width-block-light is-layout-flex wp-container-core-columns-is-layout-9d6595d7 wp-block-columns-is-layout-flex\">\n<div class=\"wp-block-column is-layout-flow wp-block-column-is-layout-flow\">\n<p>EMT International bietet eine breite Palette von Rotationswerkzeugen, Verbrauchsmaterialien und modularen Endbearbeitungsl\u00f6sungen f\u00fcr den Converting-Markt, wie z. B. Schneidmodule, Halter und Kernhalter f\u00fcr die Verarbeitung von Papier-, Film- und Folienrollen von 10&#8243; bis 100&#8243; Breite.<\/p>\n\n\n\n<p>Dar\u00fcber hinaus bieten wir Perforier-, Rill- und Ritzsektionen sowie Werkzeuge f\u00fcr die Herstellung von Papierhandt\u00fcchern, Toilettenpapier und Hygieneprodukten, mit Geschwindigkeiten bis zu 600 m\/min.<\/p>\n\n\n\n<p>EMT bietet Rotationsstanz- und Stanzwerkzeuge f\u00fcr die Verarbeitung einer breiten Palette von verarbeiteten Produkten.<\/p>\n\n\n\n<ul class=\"wp-block-list\">\n<li>Papier-, Film- und Folienverpackungen<\/li>\n\n\n\n<li>Verpackung<\/li>\n\n\n\n<li>Konsumg\u00fcter<\/li>\n<\/ul>\n<\/div>\n<\/div>\n","protected":false},"excerpt":{"rendered":"<p>EMT International bietet eine breite Palette von Rotationswerkzeugen, Verbrauchsmaterialien und modularen Endbearbeitungsl\u00f6sungen f\u00fcr den Converting-Markt, wie z. B. Schneidmodule, Halter&#8230;<\/p>\n","protected":false},"author":3,"featured_media":1527,"parent":980,"menu_order":0,"comment_status":"closed","ping_status":"closed","template":"template-applications.php","meta":{"_acf_changed":false,"content-type":"","footnotes":""},"class_list":["post-1002","page","type-page","status-publish","has-post-thumbnail","hentry"],"acf":[],"yoast_head":"<!-- This site is optimized with the Yoast SEO plugin v27.3 - https:\/\/yoast.com\/product\/yoast-seo-wordpress\/ -->\n<title>Konvertieren - EMT International<\/title>\n<meta name=\"description\" content=\"Learn more about EMT International\u2019s paper, film and foil packaging, wrapping and consumer product applications.\" \/>\n<meta name=\"robots\" content=\"index, follow, max-snippet:-1, max-image-preview:large, max-video-preview:-1\" \/>\n<link rel=\"canonical\" href=\"https:\/\/emtinternational.com\/de\/applications\/converting\/\" \/>\n<meta property=\"og:locale\" content=\"de_DE\" \/>\n<meta property=\"og:type\" content=\"article\" \/>\n<meta property=\"og:title\" content=\"Konvertieren - EMT International\" \/>\n<meta property=\"og:description\" content=\"Learn more about EMT International\u2019s paper, film and foil packaging, wrapping and consumer product applications.\" \/>\n<meta property=\"og:url\" content=\"https:\/\/emtinternational.com\/de\/applications\/converting\/\" \/>\n<meta property=\"og:site_name\" content=\"EMT International\" \/>\n<meta property=\"article:modified_time\" content=\"2024-10-14T19:49:14+00:00\" \/>\n<meta property=\"og:image\" content=\"https:\/\/emtinternational.com\/wp-content\/uploads\/2023\/10\/emt-converting-applications.jpg\" \/>\n\t<meta property=\"og:image:width\" content=\"1200\" \/>\n\t<meta property=\"og:image:height\" content=\"800\" \/>\n\t<meta property=\"og:image:type\" content=\"image\/jpeg\" \/>\n<meta name=\"twitter:card\" content=\"summary_large_image\" \/>\n<meta name=\"twitter:label1\" content=\"Gesch\u00e4tzte Lesezeit\" \/>\n\t<meta name=\"twitter:data1\" content=\"1\u00a0Minute\" \/>\n<script type=\"application\/ld+json\" class=\"yoast-schema-graph\">{\"@context\":\"https:\\\/\\\/schema.org\",\"@graph\":[{\"@type\":\"WebPage\",\"@id\":\"https:\\\/\\\/emtinternational.com\\\/de\\\/applications\\\/converting\\\/\",\"url\":\"https:\\\/\\\/emtinternational.com\\\/de\\\/applications\\\/converting\\\/\",\"name\":\"Konvertieren - EMT International\",\"isPartOf\":{\"@id\":\"https:\\\/\\\/emtinternational.com\\\/#website\"},\"primaryImageOfPage\":{\"@id\":\"https:\\\/\\\/emtinternational.com\\\/de\\\/applications\\\/converting\\\/#primaryimage\"},\"image\":{\"@id\":\"https:\\\/\\\/emtinternational.com\\\/de\\\/applications\\\/converting\\\/#primaryimage\"},\"thumbnailUrl\":\"https:\\\/\\\/emtinternational.com\\\/wp-content\\\/uploads\\\/2023\\\/10\\\/emt-converting-applications.jpg\",\"datePublished\":\"2023-06-26T06:23:06+00:00\",\"dateModified\":\"2024-10-14T19:49:14+00:00\",\"description\":\"Learn more about EMT International\u2019s paper, film and foil packaging, wrapping and consumer product applications.\",\"breadcrumb\":{\"@id\":\"https:\\\/\\\/emtinternational.com\\\/de\\\/applications\\\/converting\\\/#breadcrumb\"},\"inLanguage\":\"de\",\"potentialAction\":[{\"@type\":\"ReadAction\",\"target\":[\"https:\\\/\\\/emtinternational.com\\\/de\\\/applications\\\/converting\\\/\"]}]},{\"@type\":\"ImageObject\",\"inLanguage\":\"de\",\"@id\":\"https:\\\/\\\/emtinternational.com\\\/de\\\/applications\\\/converting\\\/#primaryimage\",\"url\":\"https:\\\/\\\/emtinternational.com\\\/wp-content\\\/uploads\\\/2023\\\/10\\\/emt-converting-applications.jpg\",\"contentUrl\":\"https:\\\/\\\/emtinternational.com\\\/wp-content\\\/uploads\\\/2023\\\/10\\\/emt-converting-applications.jpg\",\"width\":1200,\"height\":800,\"caption\":\"EMT converting applications\"},{\"@type\":\"BreadcrumbList\",\"@id\":\"https:\\\/\\\/emtinternational.com\\\/de\\\/applications\\\/converting\\\/#breadcrumb\",\"itemListElement\":[{\"@type\":\"ListItem\",\"position\":1,\"name\":\"Home\",\"item\":\"https:\\\/\\\/emtinternational.com\\\/de\\\/\"},{\"@type\":\"ListItem\",\"position\":2,\"name\":\"Anwendungen\",\"item\":\"https:\\\/\\\/emtinternational.com\\\/de\\\/applications\\\/\"},{\"@type\":\"ListItem\",\"position\":3,\"name\":\"Konvertieren\"}]},{\"@type\":\"WebSite\",\"@id\":\"https:\\\/\\\/emtinternational.com\\\/#website\",\"url\":\"https:\\\/\\\/emtinternational.com\\\/\",\"name\":\"EMT International\",\"description\":\"High-Quality Manufacturing. Customized Solutions.\",\"publisher\":{\"@id\":\"https:\\\/\\\/emtinternational.com\\\/#organization\"},\"potentialAction\":[{\"@type\":\"SearchAction\",\"target\":{\"@type\":\"EntryPoint\",\"urlTemplate\":\"https:\\\/\\\/emtinternational.com\\\/?s={search_term_string}\"},\"query-input\":{\"@type\":\"PropertyValueSpecification\",\"valueRequired\":true,\"valueName\":\"search_term_string\"}}],\"inLanguage\":\"de\"},{\"@type\":\"Organization\",\"@id\":\"https:\\\/\\\/emtinternational.com\\\/#organization\",\"name\":\"EMT International\",\"url\":\"https:\\\/\\\/emtinternational.com\\\/\",\"logo\":{\"@type\":\"ImageObject\",\"inLanguage\":\"de\",\"@id\":\"https:\\\/\\\/emtinternational.com\\\/#\\\/schema\\\/logo\\\/image\\\/\",\"url\":\"https:\\\/\\\/emtinternational.com\\\/wp-content\\\/uploads\\\/2024\\\/12\\\/emt-logo-250.png\",\"contentUrl\":\"https:\\\/\\\/emtinternational.com\\\/wp-content\\\/uploads\\\/2024\\\/12\\\/emt-logo-250.png\",\"width\":250,\"height\":55,\"caption\":\"EMT International\"},\"image\":{\"@id\":\"https:\\\/\\\/emtinternational.com\\\/#\\\/schema\\\/logo\\\/image\\\/\"}}]}<\/script>\n<!-- \/ Yoast SEO plugin. -->","yoast_head_json":{"title":"Konvertieren - EMT International","description":"Learn more about EMT International\u2019s paper, film and foil packaging, wrapping and consumer product applications.","robots":{"index":"index","follow":"follow","max-snippet":"max-snippet:-1","max-image-preview":"max-image-preview:large","max-video-preview":"max-video-preview:-1"},"canonical":"https:\/\/emtinternational.com\/de\/applications\/converting\/","og_locale":"de_DE","og_type":"article","og_title":"Konvertieren - EMT International","og_description":"Learn more about EMT International\u2019s paper, film and foil packaging, wrapping and consumer product applications.","og_url":"https:\/\/emtinternational.com\/de\/applications\/converting\/","og_site_name":"EMT International","article_modified_time":"2024-10-14T19:49:14+00:00","og_image":[{"width":1200,"height":800,"url":"https:\/\/emtinternational.com\/wp-content\/uploads\/2023\/10\/emt-converting-applications.jpg","type":"image\/jpeg"}],"twitter_card":"summary_large_image","twitter_misc":{"Gesch\u00e4tzte Lesezeit":"1\u00a0Minute"},"schema":{"@context":"https:\/\/schema.org","@graph":[{"@type":"WebPage","@id":"https:\/\/emtinternational.com\/de\/applications\/converting\/","url":"https:\/\/emtinternational.com\/de\/applications\/converting\/","name":"Konvertieren - EMT International","isPartOf":{"@id":"https:\/\/emtinternational.com\/#website"},"primaryImageOfPage":{"@id":"https:\/\/emtinternational.com\/de\/applications\/converting\/#primaryimage"},"image":{"@id":"https:\/\/emtinternational.com\/de\/applications\/converting\/#primaryimage"},"thumbnailUrl":"https:\/\/emtinternational.com\/wp-content\/uploads\/2023\/10\/emt-converting-applications.jpg","datePublished":"2023-06-26T06:23:06+00:00","dateModified":"2024-10-14T19:49:14+00:00","description":"Learn more about EMT International\u2019s paper, film and foil packaging, wrapping and consumer product applications.","breadcrumb":{"@id":"https:\/\/emtinternational.com\/de\/applications\/converting\/#breadcrumb"},"inLanguage":"de","potentialAction":[{"@type":"ReadAction","target":["https:\/\/emtinternational.com\/de\/applications\/converting\/"]}]},{"@type":"ImageObject","inLanguage":"de","@id":"https:\/\/emtinternational.com\/de\/applications\/converting\/#primaryimage","url":"https:\/\/emtinternational.com\/wp-content\/uploads\/2023\/10\/emt-converting-applications.jpg","contentUrl":"https:\/\/emtinternational.com\/wp-content\/uploads\/2023\/10\/emt-converting-applications.jpg","width":1200,"height":800,"caption":"EMT converting applications"},{"@type":"BreadcrumbList","@id":"https:\/\/emtinternational.com\/de\/applications\/converting\/#breadcrumb","itemListElement":[{"@type":"ListItem","position":1,"name":"Home","item":"https:\/\/emtinternational.com\/de\/"},{"@type":"ListItem","position":2,"name":"Anwendungen","item":"https:\/\/emtinternational.com\/de\/applications\/"},{"@type":"ListItem","position":3,"name":"Konvertieren"}]},{"@type":"WebSite","@id":"https:\/\/emtinternational.com\/#website","url":"https:\/\/emtinternational.com\/","name":"EMT International","description":"High-Quality Manufacturing. Customized Solutions.","publisher":{"@id":"https:\/\/emtinternational.com\/#organization"},"potentialAction":[{"@type":"SearchAction","target":{"@type":"EntryPoint","urlTemplate":"https:\/\/emtinternational.com\/?s={search_term_string}"},"query-input":{"@type":"PropertyValueSpecification","valueRequired":true,"valueName":"search_term_string"}}],"inLanguage":"de"},{"@type":"Organization","@id":"https:\/\/emtinternational.com\/#organization","name":"EMT International","url":"https:\/\/emtinternational.com\/","logo":{"@type":"ImageObject","inLanguage":"de","@id":"https:\/\/emtinternational.com\/#\/schema\/logo\/image\/","url":"https:\/\/emtinternational.com\/wp-content\/uploads\/2024\/12\/emt-logo-250.png","contentUrl":"https:\/\/emtinternational.com\/wp-content\/uploads\/2024\/12\/emt-logo-250.png","width":250,"height":55,"caption":"EMT International"},"image":{"@id":"https:\/\/emtinternational.com\/#\/schema\/logo\/image\/"}}]}},"jetpack_sharing_enabled":true,"_links":{"self":[{"href":"https:\/\/emtinternational.com\/de\/wp-json\/wp\/v2\/pages\/1002","targetHints":{"allow":["GET"]}}],"collection":[{"href":"https:\/\/emtinternational.com\/de\/wp-json\/wp\/v2\/pages"}],"about":[{"href":"https:\/\/emtinternational.com\/de\/wp-json\/wp\/v2\/types\/page"}],"author":[{"embeddable":true,"href":"https:\/\/emtinternational.com\/de\/wp-json\/wp\/v2\/users\/3"}],"replies":[{"embeddable":true,"href":"https:\/\/emtinternational.com\/de\/wp-json\/wp\/v2\/comments?post=1002"}],"version-history":[{"count":26,"href":"https:\/\/emtinternational.com\/de\/wp-json\/wp\/v2\/pages\/1002\/revisions"}],"predecessor-version":[{"id":2906,"href":"https:\/\/emtinternational.com\/de\/wp-json\/wp\/v2\/pages\/1002\/revisions\/2906"}],"up":[{"embeddable":true,"href":"https:\/\/emtinternational.com\/de\/wp-json\/wp\/v2\/pages\/980"}],"wp:featuredmedia":[{"embeddable":true,"href":"https:\/\/emtinternational.com\/de\/wp-json\/wp\/v2\/media\/1527"}],"wp:attachment":[{"href":"https:\/\/emtinternational.com\/de\/wp-json\/wp\/v2\/media?parent=1002"}],"curies":[{"name":"wp","href":"https:\/\/api.w.org\/{rel}","templated":true}]}}