{"id":2752,"date":"2024-08-22T19:10:19","date_gmt":"2024-08-22T19:10:19","guid":{"rendered":"https:\/\/emtinternational.com\/schnelllieferausruestung\/"},"modified":"2024-09-03T15:30:58","modified_gmt":"2024-09-03T15:30:58","slug":"schnelllieferausruestung","status":"publish","type":"page","link":"https:\/\/emtinternational.com\/de\/schnelllieferausruestung\/","title":{"rendered":"Schnelllieferausr\u00fcstung"},"content":{"rendered":"\n<h1 class=\"wp-block-heading\">Schnelllieferausr\u00fcstung<\/h1>\n\n<p>Sie brauchen schnell Ausr\u00fcstung? Wir haben ein Portfolio mit L\u00f6sungen f\u00fcr schnelle Lieferungen, mit denen Sie die gef\u00fcrchteten langen Vorlaufzeiten vermeiden k\u00f6nnen. Wir haben eine Auswahl hochwertiger Maschinen zusammengestellt, die kurzfristig versandbereit sind. So k\u00f6nnen Sie Ihre Projekte im Zeitplan halten, schnell auf neue M\u00f6glichkeiten reagieren und Ihren Wettbewerbsvorteil ohne das \u00fcbliche Warten aufrechterhalten.   <\/p>\n\n<p>Sehen Sie sich unten unseren verf\u00fcgbaren Bestand an. Jedes Ger\u00e4t wird nach unseren Qualit\u00e4tsstandards gebaut und kann an Ihre spezifischen Anforderungen angepasst werden. <\/p>\n\n<p>F\u00fcr weitere Informationen zu unseren schnell lieferbaren Ger\u00e4ten wenden Sie sich bitte unten an uns. Wir werden uns umgehend mit Einzelheiten zu Verf\u00fcgbarkeit, Preisen und den n\u00e4chsten Schritten bei Ihnen melden. <\/p>\n","protected":false},"excerpt":{"rendered":"<p>Schnelllieferausr\u00fcstung Sie brauchen schnell Ausr\u00fcstung? Wir haben ein Portfolio mit L\u00f6sungen f\u00fcr schnelle Lieferungen, mit denen Sie die gef\u00fcrchteten langen&#8230;<\/p>\n","protected":false},"author":9,"featured_media":0,"parent":0,"menu_order":0,"comment_status":"closed","ping_status":"closed","template":"page-quick-delivery.php","meta":{"_acf_changed":false,"content-type":"","footnotes":""},"class_list":["post-2752","page","type-page","status-publish","hentry"],"acf":[],"yoast_head":"<!-- This site is optimized with the Yoast SEO plugin v27.3 - https:\/\/yoast.com\/product\/yoast-seo-wordpress\/ -->\n<title>Schnelllieferausr\u00fcstung - EMT International<\/title>\n<meta name=\"robots\" content=\"index, follow, max-snippet:-1, max-image-preview:large, max-video-preview:-1\" \/>\n<link rel=\"canonical\" href=\"https:\/\/emtinternational.com\/de\/schnelllieferausruestung\/\" \/>\n<meta property=\"og:locale\" content=\"de_DE\" \/>\n<meta property=\"og:type\" content=\"article\" \/>\n<meta property=\"og:title\" content=\"Schnelllieferausr\u00fcstung - EMT International\" \/>\n<meta property=\"og:description\" content=\"Schnelllieferausr\u00fcstung Sie brauchen schnell Ausr\u00fcstung? Wir haben ein Portfolio mit L\u00f6sungen f\u00fcr schnelle Lieferungen, mit denen Sie die gef\u00fcrchteten langen...\" \/>\n<meta property=\"og:url\" content=\"https:\/\/emtinternational.com\/de\/schnelllieferausruestung\/\" \/>\n<meta property=\"og:site_name\" content=\"EMT International\" \/>\n<meta property=\"article:modified_time\" content=\"2024-09-03T15:30:58+00:00\" \/>\n<meta name=\"twitter:card\" content=\"summary_large_image\" \/>\n<meta name=\"twitter:label1\" content=\"Gesch\u00e4tzte Lesezeit\" \/>\n\t<meta name=\"twitter:data1\" content=\"1\u00a0Minute\" \/>\n<script type=\"application\/ld+json\" class=\"yoast-schema-graph\">{\"@context\":\"https:\\\/\\\/schema.org\",\"@graph\":[{\"@type\":\"WebPage\",\"@id\":\"https:\\\/\\\/emtinternational.com\\\/de\\\/schnelllieferausruestung\\\/\",\"url\":\"https:\\\/\\\/emtinternational.com\\\/de\\\/schnelllieferausruestung\\\/\",\"name\":\"Schnelllieferausr\u00fcstung - EMT International\",\"isPartOf\":{\"@id\":\"https:\\\/\\\/emtinternational.com\\\/#website\"},\"datePublished\":\"2024-08-22T19:10:19+00:00\",\"dateModified\":\"2024-09-03T15:30:58+00:00\",\"breadcrumb\":{\"@id\":\"https:\\\/\\\/emtinternational.com\\\/de\\\/schnelllieferausruestung\\\/#breadcrumb\"},\"inLanguage\":\"de\",\"potentialAction\":[{\"@type\":\"ReadAction\",\"target\":[\"https:\\\/\\\/emtinternational.com\\\/de\\\/schnelllieferausruestung\\\/\"]}]},{\"@type\":\"BreadcrumbList\",\"@id\":\"https:\\\/\\\/emtinternational.com\\\/de\\\/schnelllieferausruestung\\\/#breadcrumb\",\"itemListElement\":[{\"@type\":\"ListItem\",\"position\":1,\"name\":\"Home\",\"item\":\"https:\\\/\\\/emtinternational.com\\\/de\\\/\"},{\"@type\":\"ListItem\",\"position\":2,\"name\":\"Schnelllieferausr\u00fcstung\"}]},{\"@type\":\"WebSite\",\"@id\":\"https:\\\/\\\/emtinternational.com\\\/#website\",\"url\":\"https:\\\/\\\/emtinternational.com\\\/\",\"name\":\"EMT International\",\"description\":\"High-Quality Manufacturing. Customized Solutions.\",\"publisher\":{\"@id\":\"https:\\\/\\\/emtinternational.com\\\/#organization\"},\"potentialAction\":[{\"@type\":\"SearchAction\",\"target\":{\"@type\":\"EntryPoint\",\"urlTemplate\":\"https:\\\/\\\/emtinternational.com\\\/?s={search_term_string}\"},\"query-input\":{\"@type\":\"PropertyValueSpecification\",\"valueRequired\":true,\"valueName\":\"search_term_string\"}}],\"inLanguage\":\"de\"},{\"@type\":\"Organization\",\"@id\":\"https:\\\/\\\/emtinternational.com\\\/#organization\",\"name\":\"EMT International\",\"url\":\"https:\\\/\\\/emtinternational.com\\\/\",\"logo\":{\"@type\":\"ImageObject\",\"inLanguage\":\"de\",\"@id\":\"https:\\\/\\\/emtinternational.com\\\/#\\\/schema\\\/logo\\\/image\\\/\",\"url\":\"https:\\\/\\\/emtinternational.com\\\/wp-content\\\/uploads\\\/2024\\\/12\\\/emt-logo-250.png\",\"contentUrl\":\"https:\\\/\\\/emtinternational.com\\\/wp-content\\\/uploads\\\/2024\\\/12\\\/emt-logo-250.png\",\"width\":250,\"height\":55,\"caption\":\"EMT International\"},\"image\":{\"@id\":\"https:\\\/\\\/emtinternational.com\\\/#\\\/schema\\\/logo\\\/image\\\/\"}}]}<\/script>\n<!-- \/ Yoast SEO plugin. -->","yoast_head_json":{"title":"Schnelllieferausr\u00fcstung - EMT International","robots":{"index":"index","follow":"follow","max-snippet":"max-snippet:-1","max-image-preview":"max-image-preview:large","max-video-preview":"max-video-preview:-1"},"canonical":"https:\/\/emtinternational.com\/de\/schnelllieferausruestung\/","og_locale":"de_DE","og_type":"article","og_title":"Schnelllieferausr\u00fcstung - EMT International","og_description":"Schnelllieferausr\u00fcstung Sie brauchen schnell Ausr\u00fcstung? Wir haben ein Portfolio mit L\u00f6sungen f\u00fcr schnelle Lieferungen, mit denen Sie die gef\u00fcrchteten langen...","og_url":"https:\/\/emtinternational.com\/de\/schnelllieferausruestung\/","og_site_name":"EMT International","article_modified_time":"2024-09-03T15:30:58+00:00","twitter_card":"summary_large_image","twitter_misc":{"Gesch\u00e4tzte Lesezeit":"1\u00a0Minute"},"schema":{"@context":"https:\/\/schema.org","@graph":[{"@type":"WebPage","@id":"https:\/\/emtinternational.com\/de\/schnelllieferausruestung\/","url":"https:\/\/emtinternational.com\/de\/schnelllieferausruestung\/","name":"Schnelllieferausr\u00fcstung - EMT International","isPartOf":{"@id":"https:\/\/emtinternational.com\/#website"},"datePublished":"2024-08-22T19:10:19+00:00","dateModified":"2024-09-03T15:30:58+00:00","breadcrumb":{"@id":"https:\/\/emtinternational.com\/de\/schnelllieferausruestung\/#breadcrumb"},"inLanguage":"de","potentialAction":[{"@type":"ReadAction","target":["https:\/\/emtinternational.com\/de\/schnelllieferausruestung\/"]}]},{"@type":"BreadcrumbList","@id":"https:\/\/emtinternational.com\/de\/schnelllieferausruestung\/#breadcrumb","itemListElement":[{"@type":"ListItem","position":1,"name":"Home","item":"https:\/\/emtinternational.com\/de\/"},{"@type":"ListItem","position":2,"name":"Schnelllieferausr\u00fcstung"}]},{"@type":"WebSite","@id":"https:\/\/emtinternational.com\/#website","url":"https:\/\/emtinternational.com\/","name":"EMT International","description":"High-Quality Manufacturing. Customized Solutions.","publisher":{"@id":"https:\/\/emtinternational.com\/#organization"},"potentialAction":[{"@type":"SearchAction","target":{"@type":"EntryPoint","urlTemplate":"https:\/\/emtinternational.com\/?s={search_term_string}"},"query-input":{"@type":"PropertyValueSpecification","valueRequired":true,"valueName":"search_term_string"}}],"inLanguage":"de"},{"@type":"Organization","@id":"https:\/\/emtinternational.com\/#organization","name":"EMT International","url":"https:\/\/emtinternational.com\/","logo":{"@type":"ImageObject","inLanguage":"de","@id":"https:\/\/emtinternational.com\/#\/schema\/logo\/image\/","url":"https:\/\/emtinternational.com\/wp-content\/uploads\/2024\/12\/emt-logo-250.png","contentUrl":"https:\/\/emtinternational.com\/wp-content\/uploads\/2024\/12\/emt-logo-250.png","width":250,"height":55,"caption":"EMT International"},"image":{"@id":"https:\/\/emtinternational.com\/#\/schema\/logo\/image\/"}}]}},"jetpack_sharing_enabled":true,"_links":{"self":[{"href":"https:\/\/emtinternational.com\/de\/wp-json\/wp\/v2\/pages\/2752","targetHints":{"allow":["GET"]}}],"collection":[{"href":"https:\/\/emtinternational.com\/de\/wp-json\/wp\/v2\/pages"}],"about":[{"href":"https:\/\/emtinternational.com\/de\/wp-json\/wp\/v2\/types\/page"}],"author":[{"embeddable":true,"href":"https:\/\/emtinternational.com\/de\/wp-json\/wp\/v2\/users\/9"}],"replies":[{"embeddable":true,"href":"https:\/\/emtinternational.com\/de\/wp-json\/wp\/v2\/comments?post=2752"}],"version-history":[{"count":3,"href":"https:\/\/emtinternational.com\/de\/wp-json\/wp\/v2\/pages\/2752\/revisions"}],"predecessor-version":[{"id":2755,"href":"https:\/\/emtinternational.com\/de\/wp-json\/wp\/v2\/pages\/2752\/revisions\/2755"}],"wp:attachment":[{"href":"https:\/\/emtinternational.com\/de\/wp-json\/wp\/v2\/media?parent=2752"}],"curies":[{"name":"wp","href":"https:\/\/api.w.org\/{rel}","templated":true}]}}