{"id":982,"date":"2023-06-20T05:05:43","date_gmt":"2023-06-20T05:05:43","guid":{"rendered":"https:\/\/emtinternational.com\/services\/"},"modified":"2023-12-21T20:56:58","modified_gmt":"2023-12-21T20:56:58","slug":"services","status":"publish","type":"page","link":"https:\/\/emtinternational.com\/de\/services\/","title":{"rendered":"Dienstleistungen"},"content":{"rendered":"\n<div class=\"wp-block-columns full-width-block-light is-layout-flex wp-container-core-columns-is-layout-9d6595d7 wp-block-columns-is-layout-flex\">\n<div class=\"wp-block-column is-layout-flow wp-block-column-is-layout-flow\">\n<h1 class=\"wp-block-heading\">Dienstleistungen<\/h1>\n\n\n\n<p>Erschlie\u00dfen Sie optimale Produktionsm\u00f6glichkeiten mit den umfassenden Dienstleistungen von EMT International. Profitieren Sie von der Fertigungskompetenz unseres Teams in Bezug auf nahtlose Maschineninstallationen, proaktive Wartung, innovative Ger\u00e4teaufr\u00fcstungen u.v.a.m.<\/p>\n\n\n\n<p>Unsere anpassbaren Serviceprogramme helfen Ihnen Ausfallzeiten zu vermeiden. Unsere qualifizierten Techniker f\u00fchren Inspektionen und Wartungen durch und erstellen ma\u00dfgeschneiderte Zeitpl\u00e4ne f\u00fcr vorbeugende Ma\u00dfnahmen. Wir k\u00f6nnen auch bei der Installation oder dem Umzug einzelner Einheiten oder bei der Umstellung von Anlagen helfen. Wir haben L\u00f6sungen zur Aufr\u00fcstung, Nachr\u00fcstung und \u00dcberholung alter oder veralteter Maschinen, um sie an ver\u00e4nderte Produktionsparameter anzupassen. Wenn es um Ersatzteile, Produkte, Dienstleistungen und Support geht, k\u00f6nnen Sie sich auf EMT verlassen!<\/p>\n<\/div>\n<\/div>\n\n\n<div class=\"yoast-breadcrumbs breadcrumbs wrapper-lg\"><span><span><a href=\"https:\/\/emtinternational.com\/de\/\"><span class=\"breadcrumbs__home\"><span class=\"visually-hidden\">Home<\/span><\/span><\/a><\/span>  <span class=\"breadcrumb_last\" aria-current=\"page\">Dienstleistungen<\/span><\/span><\/div>","protected":false},"excerpt":{"rendered":"<p>Dienstleistungen Erschlie\u00dfen Sie optimale Produktionsm\u00f6glichkeiten mit den umfassenden Dienstleistungen von EMT International. Profitieren Sie von der Fertigungskompetenz unseres Teams in&#8230;<\/p>\n","protected":false},"author":3,"featured_media":0,"parent":0,"menu_order":0,"comment_status":"closed","ping_status":"closed","template":"","meta":{"_acf_changed":false,"content-type":"","footnotes":""},"class_list":["post-982","page","type-page","status-publish","hentry"],"acf":[],"yoast_head":"<!-- This site is optimized with the Yoast SEO plugin v27.3 - https:\/\/yoast.com\/product\/yoast-seo-wordpress\/ -->\n<title>Dienstleistungen - EMT International<\/title>\n<meta name=\"description\" content=\"Boost production with EMT: Expert solutions in equipment, installations, upgrades &amp; more. Partner for seamless manufacturing. Explore now!\" \/>\n<meta name=\"robots\" content=\"index, follow, max-snippet:-1, max-image-preview:large, max-video-preview:-1\" \/>\n<link rel=\"canonical\" href=\"https:\/\/emtinternational.com\/de\/services\/\" \/>\n<meta property=\"og:locale\" content=\"de_DE\" \/>\n<meta property=\"og:type\" content=\"article\" \/>\n<meta property=\"og:title\" content=\"Dienstleistungen - EMT International\" \/>\n<meta property=\"og:description\" content=\"Boost production with EMT: Expert solutions in equipment, installations, upgrades &amp; more. Partner for seamless manufacturing. Explore now!\" \/>\n<meta property=\"og:url\" content=\"https:\/\/emtinternational.com\/de\/services\/\" \/>\n<meta property=\"og:site_name\" content=\"EMT International\" \/>\n<meta property=\"article:modified_time\" content=\"2023-12-21T20:56:58+00:00\" \/>\n<meta name=\"twitter:card\" content=\"summary_large_image\" \/>\n<meta name=\"twitter:label1\" content=\"Gesch\u00e4tzte Lesezeit\" \/>\n\t<meta name=\"twitter:data1\" content=\"1\u00a0Minute\" \/>\n<script type=\"application\/ld+json\" class=\"yoast-schema-graph\">{\"@context\":\"https:\\\/\\\/schema.org\",\"@graph\":[{\"@type\":\"WebPage\",\"@id\":\"https:\\\/\\\/emtinternational.com\\\/de\\\/services\\\/\",\"url\":\"https:\\\/\\\/emtinternational.com\\\/de\\\/services\\\/\",\"name\":\"Dienstleistungen - EMT International\",\"isPartOf\":{\"@id\":\"https:\\\/\\\/emtinternational.com\\\/#website\"},\"datePublished\":\"2023-06-20T05:05:43+00:00\",\"dateModified\":\"2023-12-21T20:56:58+00:00\",\"description\":\"Boost production with EMT: Expert solutions in equipment, installations, upgrades & more. Partner for seamless manufacturing. Explore now!\",\"breadcrumb\":{\"@id\":\"https:\\\/\\\/emtinternational.com\\\/de\\\/services\\\/#breadcrumb\"},\"inLanguage\":\"de\",\"potentialAction\":[{\"@type\":\"ReadAction\",\"target\":[\"https:\\\/\\\/emtinternational.com\\\/de\\\/services\\\/\"]}]},{\"@type\":\"BreadcrumbList\",\"@id\":\"https:\\\/\\\/emtinternational.com\\\/de\\\/services\\\/#breadcrumb\",\"itemListElement\":[{\"@type\":\"ListItem\",\"position\":1,\"name\":\"Home\",\"item\":\"https:\\\/\\\/emtinternational.com\\\/de\\\/\"},{\"@type\":\"ListItem\",\"position\":2,\"name\":\"Dienstleistungen\"}]},{\"@type\":\"WebSite\",\"@id\":\"https:\\\/\\\/emtinternational.com\\\/#website\",\"url\":\"https:\\\/\\\/emtinternational.com\\\/\",\"name\":\"EMT International\",\"description\":\"High-Quality Manufacturing. Customized Solutions.\",\"publisher\":{\"@id\":\"https:\\\/\\\/emtinternational.com\\\/#organization\"},\"potentialAction\":[{\"@type\":\"SearchAction\",\"target\":{\"@type\":\"EntryPoint\",\"urlTemplate\":\"https:\\\/\\\/emtinternational.com\\\/?s={search_term_string}\"},\"query-input\":{\"@type\":\"PropertyValueSpecification\",\"valueRequired\":true,\"valueName\":\"search_term_string\"}}],\"inLanguage\":\"de\"},{\"@type\":\"Organization\",\"@id\":\"https:\\\/\\\/emtinternational.com\\\/#organization\",\"name\":\"EMT International\",\"url\":\"https:\\\/\\\/emtinternational.com\\\/\",\"logo\":{\"@type\":\"ImageObject\",\"inLanguage\":\"de\",\"@id\":\"https:\\\/\\\/emtinternational.com\\\/#\\\/schema\\\/logo\\\/image\\\/\",\"url\":\"https:\\\/\\\/emtinternational.com\\\/wp-content\\\/uploads\\\/2024\\\/12\\\/emt-logo-250.png\",\"contentUrl\":\"https:\\\/\\\/emtinternational.com\\\/wp-content\\\/uploads\\\/2024\\\/12\\\/emt-logo-250.png\",\"width\":250,\"height\":55,\"caption\":\"EMT International\"},\"image\":{\"@id\":\"https:\\\/\\\/emtinternational.com\\\/#\\\/schema\\\/logo\\\/image\\\/\"}}]}<\/script>\n<!-- \/ Yoast SEO plugin. -->","yoast_head_json":{"title":"Dienstleistungen - EMT International","description":"Boost production with EMT: Expert solutions in equipment, installations, upgrades & more. Partner for seamless manufacturing. Explore now!","robots":{"index":"index","follow":"follow","max-snippet":"max-snippet:-1","max-image-preview":"max-image-preview:large","max-video-preview":"max-video-preview:-1"},"canonical":"https:\/\/emtinternational.com\/de\/services\/","og_locale":"de_DE","og_type":"article","og_title":"Dienstleistungen - EMT International","og_description":"Boost production with EMT: Expert solutions in equipment, installations, upgrades & more. Partner for seamless manufacturing. Explore now!","og_url":"https:\/\/emtinternational.com\/de\/services\/","og_site_name":"EMT International","article_modified_time":"2023-12-21T20:56:58+00:00","twitter_card":"summary_large_image","twitter_misc":{"Gesch\u00e4tzte Lesezeit":"1\u00a0Minute"},"schema":{"@context":"https:\/\/schema.org","@graph":[{"@type":"WebPage","@id":"https:\/\/emtinternational.com\/de\/services\/","url":"https:\/\/emtinternational.com\/de\/services\/","name":"Dienstleistungen - EMT International","isPartOf":{"@id":"https:\/\/emtinternational.com\/#website"},"datePublished":"2023-06-20T05:05:43+00:00","dateModified":"2023-12-21T20:56:58+00:00","description":"Boost production with EMT: Expert solutions in equipment, installations, upgrades & more. Partner for seamless manufacturing. Explore now!","breadcrumb":{"@id":"https:\/\/emtinternational.com\/de\/services\/#breadcrumb"},"inLanguage":"de","potentialAction":[{"@type":"ReadAction","target":["https:\/\/emtinternational.com\/de\/services\/"]}]},{"@type":"BreadcrumbList","@id":"https:\/\/emtinternational.com\/de\/services\/#breadcrumb","itemListElement":[{"@type":"ListItem","position":1,"name":"Home","item":"https:\/\/emtinternational.com\/de\/"},{"@type":"ListItem","position":2,"name":"Dienstleistungen"}]},{"@type":"WebSite","@id":"https:\/\/emtinternational.com\/#website","url":"https:\/\/emtinternational.com\/","name":"EMT International","description":"High-Quality Manufacturing. Customized Solutions.","publisher":{"@id":"https:\/\/emtinternational.com\/#organization"},"potentialAction":[{"@type":"SearchAction","target":{"@type":"EntryPoint","urlTemplate":"https:\/\/emtinternational.com\/?s={search_term_string}"},"query-input":{"@type":"PropertyValueSpecification","valueRequired":true,"valueName":"search_term_string"}}],"inLanguage":"de"},{"@type":"Organization","@id":"https:\/\/emtinternational.com\/#organization","name":"EMT International","url":"https:\/\/emtinternational.com\/","logo":{"@type":"ImageObject","inLanguage":"de","@id":"https:\/\/emtinternational.com\/#\/schema\/logo\/image\/","url":"https:\/\/emtinternational.com\/wp-content\/uploads\/2024\/12\/emt-logo-250.png","contentUrl":"https:\/\/emtinternational.com\/wp-content\/uploads\/2024\/12\/emt-logo-250.png","width":250,"height":55,"caption":"EMT International"},"image":{"@id":"https:\/\/emtinternational.com\/#\/schema\/logo\/image\/"}}]}},"jetpack_sharing_enabled":true,"_links":{"self":[{"href":"https:\/\/emtinternational.com\/de\/wp-json\/wp\/v2\/pages\/982","targetHints":{"allow":["GET"]}}],"collection":[{"href":"https:\/\/emtinternational.com\/de\/wp-json\/wp\/v2\/pages"}],"about":[{"href":"https:\/\/emtinternational.com\/de\/wp-json\/wp\/v2\/types\/page"}],"author":[{"embeddable":true,"href":"https:\/\/emtinternational.com\/de\/wp-json\/wp\/v2\/users\/3"}],"replies":[{"embeddable":true,"href":"https:\/\/emtinternational.com\/de\/wp-json\/wp\/v2\/comments?post=982"}],"version-history":[{"count":2,"href":"https:\/\/emtinternational.com\/de\/wp-json\/wp\/v2\/pages\/982\/revisions"}],"predecessor-version":[{"id":1652,"href":"https:\/\/emtinternational.com\/de\/wp-json\/wp\/v2\/pages\/982\/revisions\/1652"}],"wp:attachment":[{"href":"https:\/\/emtinternational.com\/de\/wp-json\/wp\/v2\/media?parent=982"}],"curies":[{"name":"wp","href":"https:\/\/api.w.org\/{rel}","templated":true}]}}