{"id":991,"date":"2023-06-26T06:11:07","date_gmt":"2023-06-26T06:11:07","guid":{"rendered":"https:\/\/emtinternational.com\/services\/field-support-and-parts\/"},"modified":"2024-10-14T19:56:40","modified_gmt":"2024-10-14T19:56:40","slug":"field-support-and-parts","status":"publish","type":"page","link":"https:\/\/emtinternational.com\/de\/services\/field-support-and-parts\/","title":{"rendered":"Vor-Ort Support und Ersatzteile"},"content":{"rendered":"\n<section class=\"hero hero--split block\" aria-labelledby=\"hero-heading\" style=\"background-image: url(https:\/\/emtinternational.com\/wp-content\/uploads\/2024\/10\/EMT-2414-Website_Theater-Graphic_1920x645_F.jpg);\">\n    <div class=\"wrapper-lg grid gap-xl\">\n        <div class=\"hero__content grid-12 grid-5-md flow text-color-white margin-block-auto\">\n            <h1 class=\"h2 no-margin\" id=\"hero-heading\">Vor-Ort Support und Ersatzteile<\/h1>\n            <p class=\"fs-300 fw-500\">Sie haben eine Frage oder ben\u00f6tigen Hilfe bei der Fehlersuche? Nehmen Sie Kontakt mit uns auf und sprechen Sie mit unseren erfahrenen Service-Support-Technikern.<\/p>\n            \t\t\t\n\t\t\t\n        <\/div>\n        <div class=\"hero__image grid-12 grid-7-md\">\n            <img loading=\"lazy\" decoding=\"async\" width=\"1600\" height=\"900\" src=\"https:\/\/emtinternational.com\/wp-content\/uploads\/2023\/09\/Services-Field-Support-Parts-1.jpg\" class=\"attachment-full size-full\" alt=\"EMT employee inspecting labels after printing\" srcset=\"https:\/\/emtinternational.com\/wp-content\/uploads\/2023\/09\/Services-Field-Support-Parts-1.jpg 1600w, https:\/\/emtinternational.com\/wp-content\/uploads\/2023\/09\/Services-Field-Support-Parts-1-300x169.jpg 300w, https:\/\/emtinternational.com\/wp-content\/uploads\/2023\/09\/Services-Field-Support-Parts-1-1024x576.jpg 1024w, https:\/\/emtinternational.com\/wp-content\/uploads\/2023\/09\/Services-Field-Support-Parts-1-768x432.jpg 768w, https:\/\/emtinternational.com\/wp-content\/uploads\/2023\/09\/Services-Field-Support-Parts-1-1536x864.jpg 1536w, https:\/\/emtinternational.com\/wp-content\/uploads\/2023\/09\/Services-Field-Support-Parts-1-600x338.jpg 600w\" sizes=\"auto, (max-width: 1600px) 100vw, 1600px\" \/>        <\/div>\n    <\/div>\n<\/section>\n\n\n<div class=\"yoast-breadcrumbs breadcrumbs wrapper-lg\"><span><span><a href=\"https:\/\/emtinternational.com\/de\/\"><span class=\"breadcrumbs__home\"><span class=\"visually-hidden\">Home<\/span><\/span><\/a><\/span>  <span><a href=\"https:\/\/emtinternational.com\/de\/services\/\">Dienstleistungen<\/a><\/span>  <span class=\"breadcrumb_last\" aria-current=\"page\">Vor-Ort Support und Ersatzteile<\/span><\/span><\/div>\n\n\n<div class=\"wp-block-columns contact-info block wrapper-lg is-layout-flex wp-container-core-columns-is-layout-9d6595d7 wp-block-columns-is-layout-flex\">\n<div class=\"wp-block-column is-layout-flow wp-block-column-is-layout-flow\" style=\"flex-basis:66.66%\">\n                <div class='gf_browser_gecko gform_wrapper' id='gform_wrapper_2' ><form method='post' enctype='multipart\/form-data'  id='gform_2'  action='\/de\/wp-json\/wp\/v2\/pages\/991'>\n                        <div class='gform_body'><ul id='gform_fields_2' class='gform_fields top_label form_sublabel_below description_below'><li id='field_2_1'  class='gfield gfield_contains_required field_sublabel_below field_description_below gfield_visibility_visible' ><label class='gfield_label' for='input_2_1' >Vorname<span class='gfield_required'>*<\/span><\/label><div class='ginput_container ginput_container_text'><input name='input_1' id='input_2_1' type='text' value='' class='large'     aria-required=\"true\" aria-invalid=\"false\" \/><\/div><\/li><li id='field_2_2'  class='gfield gfield_contains_required field_sublabel_below field_description_below gfield_visibility_visible' ><label class='gfield_label' for='input_2_2' >Nachname<span class='gfield_required'>*<\/span><\/label><div class='ginput_container ginput_container_text'><input name='input_2' id='input_2_2' type='text' value='' class='large'     aria-required=\"true\" aria-invalid=\"false\" \/><\/div><\/li><li id='field_2_3'  class='gfield gfield_contains_required field_sublabel_below field_description_below gfield_visibility_visible' ><label class='gfield_label' for='input_2_3' >Name des Unternehmens<span class='gfield_required'>*<\/span><\/label><div class='ginput_container ginput_container_text'><input name='input_3' id='input_2_3' type='text' value='' class='large'     aria-required=\"true\" aria-invalid=\"false\" \/><\/div><\/li><li id='field_2_4'  class='gfield gfield_contains_required field_sublabel_below field_description_below gfield_visibility_visible' ><label class='gfield_label gfield_label_before_complex'  >E-Mail<span class='gfield_required'>*<\/span><\/label><div class='ginput_complex ginput_container ginput_container_email' id='input_2_4_container'>\n                                <span id='input_2_4_1_container' class='ginput_left'>\n                                    <input class='' type='text' name='input_4' id='input_2_4' value=''    aria-required=\"true\" aria-invalid=\"false\"\/>\n                                    <label for='input_2_4' >E-Mail eingeben<\/label>\n                                <\/span>\n                                <span id='input_2_4_2_container' class='ginput_right'>\n                                    <input class='' type='text' name='input_4_2' id='input_2_4_2' value=''    aria-required=\"true\" aria-invalid=\"false\"\/>\n                                    <label for='input_2_4_2' >E-Mail best\u00e4tigen<\/label>\n                                <\/span>\n                                <div class='gf_clear gf_clear_complex'><\/div>\n                            <\/div><\/li><li id='field_2_6'  class='gfield field_sublabel_below field_description_below gfield_visibility_visible' ><label class='gfield_label' for='input_2_6' >Telefon<\/label><div class='ginput_container ginput_container_phone'><input name='input_6' id='input_2_6' type='text' value='' class='large'    aria-invalid=\"false\"  \/><\/div><\/li><li id='field_2_7'  class='gfield gfield_contains_required field_sublabel_below field_description_below gfield_visibility_visible' ><label class='gfield_label' for='input_2_7' >Bevorzugte Methode der Kontaktaufnahme<span class='gfield_required'>*<\/span><\/label><div class='ginput_container ginput_container_select'><select name='input_7' id='input_2_7' class='large gfield_select'   aria-required=\"true\" aria-invalid=\"false\"><option value='E-Mail' >E-Mail<\/option><option value='Telefon' >Telefon<\/option><\/select><\/div><\/li><li id='field_2_8'  class='gfield gfield_contains_required field_sublabel_below field_description_below gfield_visibility_visible' ><label class='gfield_label' for='input_2_8' >Abteilung<span class='gfield_required'>*<\/span><\/label><div class='ginput_container ginput_container_select'><select name='input_8' id='input_2_8' class='large gfield_select'   aria-required=\"true\" aria-invalid=\"false\"><option value='EMT International' >EMT International<\/option><option value='Rotocontrol EMT' >Rotocontrol EMT<\/option><\/select><\/div><\/li><li id='field_2_10'  class='gfield gfield_contains_required field_sublabel_below field_description_below gfield_visibility_visible' ><label class='gfield_label' for='input_2_10' >Anfragetyp<span class='gfield_required'>*<\/span><\/label><div class='ginput_container ginput_container_select'><select name='input_10' id='input_2_10' class='large gfield_select'   aria-required=\"true\" aria-invalid=\"false\"><option value='Anfrage f\u00fcr neue Maschinen' >Anfrage f\u00fcr neue Maschinen<\/option><option value='Teile und Produkte Anfrage' >Teile und Produkte Anfrage<\/option><option value='Anfrage zu Service und Support' >Anfrage zu Service und Support<\/option><\/select><\/div><\/li><li id='field_2_5'  class='gfield gfield_contains_required field_sublabel_below field_description_below gfield_visibility_visible' ><label class='gfield_label' for='input_2_5' >Kommentare\/Fragen<span class='gfield_required'>*<\/span><\/label><div class='ginput_container ginput_container_textarea'><textarea name='input_5' id='input_2_5' class='textarea large'     aria-required=\"true\" aria-invalid=\"false\"   rows='10' cols='50'><\/textarea><\/div><\/li><li id='field_2_11'  class='gfield field_sublabel_below field_description_below gfield_visibility_visible' ><label class='gfield_label' for='input_2_11' ><\/label><div id='input_2_11' class='ginput_container ginput_recaptcha' data-sitekey='6LcvTq0oAAAAAFanGqqfGzCTah5NwhMJ2AgVWcHv'  data-theme='light' data-tabindex='0'  data-badge=''><\/div><\/li>\n                            <\/ul><\/div>\n        <div class='gform_footer top_label'> <input type='submit' id='gform_submit_button_2' class='gform_button button' value='Anfrage senden'  onclick='if(window[\"gf_submitting_2\"]){return false;}  window[\"gf_submitting_2\"]=true;  ' onkeypress='if( event.keyCode == 13 ){ if(window[\"gf_submitting_2\"]){return false;} window[\"gf_submitting_2\"]=true;  jQuery(\"#gform_2\").trigger(\"submit\",[true]); }' \/> \n            <input type='hidden' class='gform_hidden' name='is_submit_2' value='1' \/>\n            <input type='hidden' class='gform_hidden' name='gform_submit' value='2' \/>\n            \n            <input type='hidden' class='gform_hidden' name='gform_unique_id' value='' \/>\n            <input type='hidden' class='gform_hidden' name='state_2' value='WyJbXSIsImYyYmMyNDYxMzg3YmFhNWE3YjM4ZWE3YzNkMzc1ZjViIl0=' \/>\n            <input type='hidden' class='gform_hidden' name='gform_target_page_number_2' id='gform_target_page_number_2' value='0' \/>\n            <input type='hidden' class='gform_hidden' name='gform_source_page_number_2' id='gform_source_page_number_2' value='1' \/>\n            <input type='hidden' name='gform_field_values' value='' \/>\n            \n        <\/div>\n                        <p style=\"display: none !important;\" class=\"akismet-fields-container\" data-prefix=\"ak_\"><label>&#916;<textarea name=\"ak_hp_textarea\" cols=\"45\" rows=\"8\" maxlength=\"100\"><\/textarea><\/label><input type=\"hidden\" id=\"ak_js_1\" name=\"ak_js\" value=\"48\"\/><script>document.getElementById( \"ak_js_1\" ).setAttribute( \"value\", ( new Date() ).getTime() );<\/script><\/p><\/form>\n                        <\/div><script type='text\/javascript'> jQuery(document).bind('gform_post_render', function(event, formId, currentPage){if(formId == 2) {jQuery('#input_2_6').mask('(999) 999-9999').bind('keypress', function(e){if(e.which == 13){jQuery(this).blur();} } );} } );jQuery(document).bind('gform_post_conditional_logic', function(event, formId, fields, isInit){} );<\/script><script type='text\/javascript'> jQuery(document).ready(function(){jQuery(document).trigger('gform_post_render', [2, 1]) } ); <\/script>\n<\/div>\n\n\n\n<div class=\"wp-block-column is-layout-flow wp-block-column-is-layout-flow\" style=\"flex-basis:33.33%\">\n<h2 class=\"wp-block-heading\">Global Offices<\/h2>\n\n\n\n<p>You can also contact one of our global offices directly:<\/p>\n\n\n\n<hr class=\"wp-block-separator has-alpha-channel-opacity\"\/>\n\n\n\n<h3 class=\"wp-block-heading h5\">EMT International<\/h3>\n\n\n\n<p>780 Centerline Drive<br>Hobart, WI 54155 USA<\/p>\n\n\n\n<p>Hours: 8:00 a.m. &#8211; 4:30 p.m.<\/p>\n\n\n\n<p>Phone: <a href=\"tel:+8663178629\">+1 (866) 317-8629<\/a><\/p>\n\n\n\n<figure class=\"wp-block-image size-large\"><img loading=\"lazy\" decoding=\"async\" width=\"1024\" height=\"683\" src=\"https:\/\/emtinternational.com\/wp-content\/uploads\/2023\/10\/emt-building-at-dusk-1024x683.jpg\" alt=\"\" class=\"wp-image-1444\" srcset=\"https:\/\/emtinternational.com\/wp-content\/uploads\/2023\/10\/emt-building-at-dusk-1024x683.jpg 1024w, https:\/\/emtinternational.com\/wp-content\/uploads\/2023\/10\/emt-building-at-dusk-300x200.jpg 300w, https:\/\/emtinternational.com\/wp-content\/uploads\/2023\/10\/emt-building-at-dusk-768x512.jpg 768w, https:\/\/emtinternational.com\/wp-content\/uploads\/2023\/10\/emt-building-at-dusk-1536x1024.jpg 1536w, https:\/\/emtinternational.com\/wp-content\/uploads\/2023\/10\/emt-building-at-dusk-600x400.jpg 600w, https:\/\/emtinternational.com\/wp-content\/uploads\/2023\/10\/emt-building-at-dusk.jpg 1600w\" sizes=\"auto, (max-width: 1024px) 100vw, 1024px\" \/><\/figure>\n\n\n\n<hr class=\"wp-block-separator has-alpha-channel-opacity\"\/>\n\n\n\n<h3 class=\"wp-block-heading h5\">Rotocontrol EMT GmbH<\/h3>\n\n\n\n<p>Jacobsrade 71<br>D-22962, Siek Germany<\/p>\n\n\n\n<p>Phone: <a href=\"tel:+4941073149600\">+49 4107 31 49 60 0<\/a><\/p>\n\n\n\n<figure class=\"wp-block-image size-full\"><img loading=\"lazy\" decoding=\"async\" width=\"800\" height=\"600\" src=\"https:\/\/emtinternational.com\/wp-content\/uploads\/2023\/07\/rotocontrol-office.jpeg\" alt=\"\" class=\"wp-image-584\" srcset=\"https:\/\/emtinternational.com\/wp-content\/uploads\/2023\/07\/rotocontrol-office.jpeg 800w, https:\/\/emtinternational.com\/wp-content\/uploads\/2023\/07\/rotocontrol-office-300x225.jpeg 300w, https:\/\/emtinternational.com\/wp-content\/uploads\/2023\/07\/rotocontrol-office-768x576.jpeg 768w, https:\/\/emtinternational.com\/wp-content\/uploads\/2023\/07\/rotocontrol-office-600x450.jpeg 600w\" sizes=\"auto, (max-width: 800px) 100vw, 800px\" \/><\/figure>\n<\/div>\n<\/div>\n\n\n\r\n<section class=\"cta text-color-white text-align-center\" aria-labelledby=\"cta-heading\">\r\n    <div class=\"cta__content block\">\r\n        <div class=\"wrapper-sm flow\">\r\n            <p class=\"text-style-slub\">Sprechen Sie MIT Einem Unserer Experten<\/p>\r\n            <h2 class=\"cta__heading\" id=\"cta-heading\">Wir entwickeln ma\u00dfgeschneiderte L\u00f6sungen f\u00fcr Ihr Unternehmen<\/h2>\r\n            <div class=\"font-size-md\">Lassen Sie uns unsere Erfahrung in die Tat umsetzen. Wenden Sie sich an uns, wenn Sie hochwertige Produkte f\u00fcr die Druck-, Verpackungs- und Etikettenindustrie entwerfen und herstellen m\u00f6chten, die den Anforderungen Ihrer Kundschaft gerecht werden.<\/div>\r\n                        <a class=\"btn btn--white margin-inline-auto\" href=\"https:\/\/emtinternational.com\/contact-us\/\">Talk to an expert<div class=\"btn__icon icon-md icon-stroke-white\"><svg xmlns=\"http:\/\/www.w3.org\/2000\/svg\" width=\"24\" height=\"24\" viewBox=\"0 0 24 24\" fill=\"none\" aria-hidden=\"true\">\r\n<path d=\"M17 8L21 12M21 12L17 16M21 12H3\" stroke-width=\"2\" stroke-linecap=\"round\" stroke-linejoin=\"round\"\/>\r\n<\/svg><\/div><\/a>\r\n                    <\/div>\r\n    <\/div>\r\n    <div class=\"cta__overlay\"><\/div>\r\n    <div class=\"cta__image\">\r\n        <img loading=\"lazy\" decoding=\"async\" width=\"1400\" height=\"600\" src=\"https:\/\/emtinternational.com\/wp-content\/uploads\/2023\/06\/emt-employee-meeting-around-machine.jpg\" class=\"attachment-full size-full\" alt=\"Three EMT employees meeting around a machine\" srcset=\"https:\/\/emtinternational.com\/wp-content\/uploads\/2023\/06\/emt-employee-meeting-around-machine.jpg 1400w, https:\/\/emtinternational.com\/wp-content\/uploads\/2023\/06\/emt-employee-meeting-around-machine-600x257.jpg 600w, https:\/\/emtinternational.com\/wp-content\/uploads\/2023\/06\/emt-employee-meeting-around-machine-300x129.jpg 300w, https:\/\/emtinternational.com\/wp-content\/uploads\/2023\/06\/emt-employee-meeting-around-machine-1024x439.jpg 1024w, https:\/\/emtinternational.com\/wp-content\/uploads\/2023\/06\/emt-employee-meeting-around-machine-768x329.jpg 768w\" sizes=\"auto, (max-width: 1400px) 100vw, 1400px\" \/>    <\/div>\r\n<\/section>\r\n","protected":false},"excerpt":{"rendered":"","protected":false},"author":3,"featured_media":1103,"parent":982,"menu_order":0,"comment_status":"closed","ping_status":"closed","template":"","meta":{"_acf_changed":false,"content-type":"","footnotes":""},"class_list":["post-991","page","type-page","status-publish","has-post-thumbnail","hentry"],"acf":[],"yoast_head":"<!-- This site is optimized with the Yoast SEO plugin v27.3 - https:\/\/yoast.com\/product\/yoast-seo-wordpress\/ -->\n<title>Vor-Ort Support und Ersatzteile - EMT International<\/title>\n<meta name=\"robots\" content=\"index, follow, max-snippet:-1, max-image-preview:large, max-video-preview:-1\" \/>\n<link rel=\"canonical\" href=\"https:\/\/emtinternational.com\/de\/services\/field-support-and-parts\/\" \/>\n<meta property=\"og:locale\" content=\"de_DE\" \/>\n<meta property=\"og:type\" content=\"article\" \/>\n<meta property=\"og:title\" content=\"Vor-Ort Support und Ersatzteile - EMT International\" \/>\n<meta property=\"og:url\" content=\"https:\/\/emtinternational.com\/de\/services\/field-support-and-parts\/\" \/>\n<meta property=\"og:site_name\" content=\"EMT International\" \/>\n<meta property=\"article:modified_time\" content=\"2024-10-14T19:56:40+00:00\" \/>\n<meta property=\"og:image\" content=\"https:\/\/emtinternational.com\/wp-content\/uploads\/2023\/09\/Services-Field-Support-Parts-1.jpg\" \/>\n\t<meta property=\"og:image:width\" content=\"1600\" \/>\n\t<meta property=\"og:image:height\" content=\"900\" \/>\n\t<meta property=\"og:image:type\" content=\"image\/jpeg\" \/>\n<meta name=\"twitter:card\" content=\"summary_large_image\" \/>\n<meta name=\"twitter:label1\" content=\"Gesch\u00e4tzte Lesezeit\" \/>\n\t<meta name=\"twitter:data1\" content=\"1\u00a0Minute\" \/>\n<script type=\"application\/ld+json\" class=\"yoast-schema-graph\">{\"@context\":\"https:\\\/\\\/schema.org\",\"@graph\":[{\"@type\":\"WebPage\",\"@id\":\"https:\\\/\\\/emtinternational.com\\\/de\\\/services\\\/field-support-and-parts\\\/\",\"url\":\"https:\\\/\\\/emtinternational.com\\\/de\\\/services\\\/field-support-and-parts\\\/\",\"name\":\"Vor-Ort Support und Ersatzteile - EMT International\",\"isPartOf\":{\"@id\":\"https:\\\/\\\/emtinternational.com\\\/#website\"},\"primaryImageOfPage\":{\"@id\":\"https:\\\/\\\/emtinternational.com\\\/de\\\/services\\\/field-support-and-parts\\\/#primaryimage\"},\"image\":{\"@id\":\"https:\\\/\\\/emtinternational.com\\\/de\\\/services\\\/field-support-and-parts\\\/#primaryimage\"},\"thumbnailUrl\":\"https:\\\/\\\/emtinternational.com\\\/wp-content\\\/uploads\\\/2023\\\/09\\\/Services-Field-Support-Parts-1.jpg\",\"datePublished\":\"2023-06-26T06:11:07+00:00\",\"dateModified\":\"2024-10-14T19:56:40+00:00\",\"breadcrumb\":{\"@id\":\"https:\\\/\\\/emtinternational.com\\\/de\\\/services\\\/field-support-and-parts\\\/#breadcrumb\"},\"inLanguage\":\"de\",\"potentialAction\":[{\"@type\":\"ReadAction\",\"target\":[\"https:\\\/\\\/emtinternational.com\\\/de\\\/services\\\/field-support-and-parts\\\/\"]}]},{\"@type\":\"ImageObject\",\"inLanguage\":\"de\",\"@id\":\"https:\\\/\\\/emtinternational.com\\\/de\\\/services\\\/field-support-and-parts\\\/#primaryimage\",\"url\":\"https:\\\/\\\/emtinternational.com\\\/wp-content\\\/uploads\\\/2023\\\/09\\\/Services-Field-Support-Parts-1.jpg\",\"contentUrl\":\"https:\\\/\\\/emtinternational.com\\\/wp-content\\\/uploads\\\/2023\\\/09\\\/Services-Field-Support-Parts-1.jpg\",\"width\":1600,\"height\":900,\"caption\":\"EMT employee inspecting labels after printing\"},{\"@type\":\"BreadcrumbList\",\"@id\":\"https:\\\/\\\/emtinternational.com\\\/de\\\/services\\\/field-support-and-parts\\\/#breadcrumb\",\"itemListElement\":[{\"@type\":\"ListItem\",\"position\":1,\"name\":\"Home\",\"item\":\"https:\\\/\\\/emtinternational.com\\\/de\\\/\"},{\"@type\":\"ListItem\",\"position\":2,\"name\":\"Dienstleistungen\",\"item\":\"https:\\\/\\\/emtinternational.com\\\/de\\\/services\\\/\"},{\"@type\":\"ListItem\",\"position\":3,\"name\":\"Vor-Ort Support und Ersatzteile\"}]},{\"@type\":\"WebSite\",\"@id\":\"https:\\\/\\\/emtinternational.com\\\/#website\",\"url\":\"https:\\\/\\\/emtinternational.com\\\/\",\"name\":\"EMT International\",\"description\":\"High-Quality Manufacturing. Customized Solutions.\",\"publisher\":{\"@id\":\"https:\\\/\\\/emtinternational.com\\\/#organization\"},\"potentialAction\":[{\"@type\":\"SearchAction\",\"target\":{\"@type\":\"EntryPoint\",\"urlTemplate\":\"https:\\\/\\\/emtinternational.com\\\/?s={search_term_string}\"},\"query-input\":{\"@type\":\"PropertyValueSpecification\",\"valueRequired\":true,\"valueName\":\"search_term_string\"}}],\"inLanguage\":\"de\"},{\"@type\":\"Organization\",\"@id\":\"https:\\\/\\\/emtinternational.com\\\/#organization\",\"name\":\"EMT International\",\"url\":\"https:\\\/\\\/emtinternational.com\\\/\",\"logo\":{\"@type\":\"ImageObject\",\"inLanguage\":\"de\",\"@id\":\"https:\\\/\\\/emtinternational.com\\\/#\\\/schema\\\/logo\\\/image\\\/\",\"url\":\"https:\\\/\\\/emtinternational.com\\\/wp-content\\\/uploads\\\/2024\\\/12\\\/emt-logo-250.png\",\"contentUrl\":\"https:\\\/\\\/emtinternational.com\\\/wp-content\\\/uploads\\\/2024\\\/12\\\/emt-logo-250.png\",\"width\":250,\"height\":55,\"caption\":\"EMT International\"},\"image\":{\"@id\":\"https:\\\/\\\/emtinternational.com\\\/#\\\/schema\\\/logo\\\/image\\\/\"}}]}<\/script>\n<!-- \/ Yoast SEO plugin. -->","yoast_head_json":{"title":"Vor-Ort Support und Ersatzteile - EMT International","robots":{"index":"index","follow":"follow","max-snippet":"max-snippet:-1","max-image-preview":"max-image-preview:large","max-video-preview":"max-video-preview:-1"},"canonical":"https:\/\/emtinternational.com\/de\/services\/field-support-and-parts\/","og_locale":"de_DE","og_type":"article","og_title":"Vor-Ort Support und Ersatzteile - EMT International","og_url":"https:\/\/emtinternational.com\/de\/services\/field-support-and-parts\/","og_site_name":"EMT International","article_modified_time":"2024-10-14T19:56:40+00:00","og_image":[{"width":1600,"height":900,"url":"https:\/\/emtinternational.com\/wp-content\/uploads\/2023\/09\/Services-Field-Support-Parts-1.jpg","type":"image\/jpeg"}],"twitter_card":"summary_large_image","twitter_misc":{"Gesch\u00e4tzte Lesezeit":"1\u00a0Minute"},"schema":{"@context":"https:\/\/schema.org","@graph":[{"@type":"WebPage","@id":"https:\/\/emtinternational.com\/de\/services\/field-support-and-parts\/","url":"https:\/\/emtinternational.com\/de\/services\/field-support-and-parts\/","name":"Vor-Ort Support und Ersatzteile - EMT International","isPartOf":{"@id":"https:\/\/emtinternational.com\/#website"},"primaryImageOfPage":{"@id":"https:\/\/emtinternational.com\/de\/services\/field-support-and-parts\/#primaryimage"},"image":{"@id":"https:\/\/emtinternational.com\/de\/services\/field-support-and-parts\/#primaryimage"},"thumbnailUrl":"https:\/\/emtinternational.com\/wp-content\/uploads\/2023\/09\/Services-Field-Support-Parts-1.jpg","datePublished":"2023-06-26T06:11:07+00:00","dateModified":"2024-10-14T19:56:40+00:00","breadcrumb":{"@id":"https:\/\/emtinternational.com\/de\/services\/field-support-and-parts\/#breadcrumb"},"inLanguage":"de","potentialAction":[{"@type":"ReadAction","target":["https:\/\/emtinternational.com\/de\/services\/field-support-and-parts\/"]}]},{"@type":"ImageObject","inLanguage":"de","@id":"https:\/\/emtinternational.com\/de\/services\/field-support-and-parts\/#primaryimage","url":"https:\/\/emtinternational.com\/wp-content\/uploads\/2023\/09\/Services-Field-Support-Parts-1.jpg","contentUrl":"https:\/\/emtinternational.com\/wp-content\/uploads\/2023\/09\/Services-Field-Support-Parts-1.jpg","width":1600,"height":900,"caption":"EMT employee inspecting labels after printing"},{"@type":"BreadcrumbList","@id":"https:\/\/emtinternational.com\/de\/services\/field-support-and-parts\/#breadcrumb","itemListElement":[{"@type":"ListItem","position":1,"name":"Home","item":"https:\/\/emtinternational.com\/de\/"},{"@type":"ListItem","position":2,"name":"Dienstleistungen","item":"https:\/\/emtinternational.com\/de\/services\/"},{"@type":"ListItem","position":3,"name":"Vor-Ort Support und Ersatzteile"}]},{"@type":"WebSite","@id":"https:\/\/emtinternational.com\/#website","url":"https:\/\/emtinternational.com\/","name":"EMT International","description":"High-Quality Manufacturing. Customized Solutions.","publisher":{"@id":"https:\/\/emtinternational.com\/#organization"},"potentialAction":[{"@type":"SearchAction","target":{"@type":"EntryPoint","urlTemplate":"https:\/\/emtinternational.com\/?s={search_term_string}"},"query-input":{"@type":"PropertyValueSpecification","valueRequired":true,"valueName":"search_term_string"}}],"inLanguage":"de"},{"@type":"Organization","@id":"https:\/\/emtinternational.com\/#organization","name":"EMT International","url":"https:\/\/emtinternational.com\/","logo":{"@type":"ImageObject","inLanguage":"de","@id":"https:\/\/emtinternational.com\/#\/schema\/logo\/image\/","url":"https:\/\/emtinternational.com\/wp-content\/uploads\/2024\/12\/emt-logo-250.png","contentUrl":"https:\/\/emtinternational.com\/wp-content\/uploads\/2024\/12\/emt-logo-250.png","width":250,"height":55,"caption":"EMT International"},"image":{"@id":"https:\/\/emtinternational.com\/#\/schema\/logo\/image\/"}}]}},"jetpack_sharing_enabled":true,"_links":{"self":[{"href":"https:\/\/emtinternational.com\/de\/wp-json\/wp\/v2\/pages\/991","targetHints":{"allow":["GET"]}}],"collection":[{"href":"https:\/\/emtinternational.com\/de\/wp-json\/wp\/v2\/pages"}],"about":[{"href":"https:\/\/emtinternational.com\/de\/wp-json\/wp\/v2\/types\/page"}],"author":[{"embeddable":true,"href":"https:\/\/emtinternational.com\/de\/wp-json\/wp\/v2\/users\/3"}],"replies":[{"embeddable":true,"href":"https:\/\/emtinternational.com\/de\/wp-json\/wp\/v2\/comments?post=991"}],"version-history":[{"count":12,"href":"https:\/\/emtinternational.com\/de\/wp-json\/wp\/v2\/pages\/991\/revisions"}],"predecessor-version":[{"id":2924,"href":"https:\/\/emtinternational.com\/de\/wp-json\/wp\/v2\/pages\/991\/revisions\/2924"}],"up":[{"embeddable":true,"href":"https:\/\/emtinternational.com\/de\/wp-json\/wp\/v2\/pages\/982"}],"wp:featuredmedia":[{"embeddable":true,"href":"https:\/\/emtinternational.com\/de\/wp-json\/wp\/v2\/media\/1103"}],"wp:attachment":[{"href":"https:\/\/emtinternational.com\/de\/wp-json\/wp\/v2\/media?parent=991"}],"curies":[{"name":"wp","href":"https:\/\/api.w.org\/{rel}","templated":true}]}}