{"id":993,"date":"2023-06-26T06:11:26","date_gmt":"2023-06-26T06:11:26","guid":{"rendered":"https:\/\/emtinternational.com\/services\/service-programs\/"},"modified":"2024-12-03T18:25:43","modified_gmt":"2024-12-03T18:25:43","slug":"service-programs","status":"publish","type":"page","link":"https:\/\/emtinternational.com\/de\/services\/service-programs\/","title":{"rendered":"Service-Programme"},"content":{"rendered":"\n<section class=\"hero hero--split block\" aria-labelledby=\"hero-heading\" style=\"background-image: url(https:\/\/emtinternational.com\/wp-content\/uploads\/2024\/10\/EMT-2414-Website_Theater-Graphic_1920x645_F.jpg);\">\n    <div class=\"wrapper-lg grid gap-xl\">\n        <div class=\"hero__content grid-12 grid-5-md flow text-color-white margin-block-auto\">\n            <h1 class=\"h2 no-margin\" id=\"hero-heading\">Service-Programme<\/h1>\n            <p class=\"fs-300 fw-500\">Techniker vor Ort, vorbeugende Wartung und mehr. Optimieren Sie Ihre Linie mit unseren Programmen.<\/p>\n            \t\t\t\n\t\t\t\n        <\/div>\n        <div class=\"hero__image grid-12 grid-7-md\">\n            <img loading=\"lazy\" decoding=\"async\" width=\"2517\" height=\"1680\" src=\"https:\/\/emtinternational.com\/wp-content\/uploads\/2024\/12\/EMT-employees-18.jpg\" class=\"attachment-full size-full\" alt=\"\" srcset=\"https:\/\/emtinternational.com\/wp-content\/uploads\/2024\/12\/EMT-employees-18.jpg 2517w, https:\/\/emtinternational.com\/wp-content\/uploads\/2024\/12\/EMT-employees-18-300x200.jpg 300w, https:\/\/emtinternational.com\/wp-content\/uploads\/2024\/12\/EMT-employees-18-1024x683.jpg 1024w, https:\/\/emtinternational.com\/wp-content\/uploads\/2024\/12\/EMT-employees-18-768x513.jpg 768w, https:\/\/emtinternational.com\/wp-content\/uploads\/2024\/12\/EMT-employees-18-1536x1025.jpg 1536w, https:\/\/emtinternational.com\/wp-content\/uploads\/2024\/12\/EMT-employees-18-2048x1367.jpg 2048w, https:\/\/emtinternational.com\/wp-content\/uploads\/2024\/12\/EMT-employees-18-600x400.jpg 600w\" sizes=\"auto, (max-width: 2517px) 100vw, 2517px\" \/>        <\/div>\n    <\/div>\n<\/section>\n\n\n<div class=\"yoast-breadcrumbs breadcrumbs wrapper-lg\"><span><span><a href=\"https:\/\/emtinternational.com\/de\/\"><span class=\"breadcrumbs__home\"><span class=\"visually-hidden\">Home<\/span><\/span><\/a><\/span>  <span><a href=\"https:\/\/emtinternational.com\/de\/services\/\">Dienstleistungen<\/a><\/span>  <span class=\"breadcrumb_last\" aria-current=\"page\">Service-Programme<\/span><\/span><\/div>\n\n\n<div class=\"wp-block-columns full-width-block-light is-layout-flex wp-container-core-columns-is-layout-9d6595d7 wp-block-columns-is-layout-flex\">\n<div class=\"wp-block-column is-layout-flow wp-block-column-is-layout-flow\">\n<p>Bereiten Ihnen die Ausfallzeiten Ihrer Ger\u00e4te schlaflose N\u00e4chte? EMT International hat f\u00fcr Sie entlastende Dienstleistungen und Programme im Angebot! <\/p>\n\n\n\n<p>Unsere Servicepl\u00e4ne sind Ihren Bed\u00fcrfnissen entsprechend anpassbar. Diese Servicepl\u00e4ne sind auf vorbeugende Wartung ausgelegt, um Ihre Ausfallzeiten auf ein Minimum zu reduzieren. Unsere Servicepl\u00e4ne beinhalten einen erfahrenen Techniker vor Ort, der eine mechanische Inspektion und \u00dcberpr\u00fcfung der Maschine durchf\u00fchrt, die Riemenspannung pr\u00fcft, das Endspiel kontrolliert, die Lager mit W\u00e4rmebildern untersucht, u.v.a.m. Wir erstellen auch einen Zeitplan f\u00fcr die vorbeugende Wartung Ihrer Maschine und \u00fcberpr\u00fcfen die Ersatzteilvorr\u00e4te anhand der von uns empfohlenen Ersatzteile. Mit diesen Programmen erhalten Sie f\u00fcr den optimalen Betrieb alles aus einer Hand.<\/p>\n<\/div>\n<\/div>\n\n\n\r\n<section class=\"cta text-color-white text-align-center\" aria-labelledby=\"cta-heading\">\r\n    <div class=\"cta__content block\">\r\n        <div class=\"wrapper-sm flow\">\r\n            <p class=\"text-style-slub\">Sprechen Sie MIT Einem Unserer Experten<\/p>\r\n            <h2 class=\"cta__heading\" id=\"cta-heading\">Wir entwickeln ma\u00dfgeschneiderte L\u00f6sungen f\u00fcr Ihr Unternehmen<\/h2>\r\n            <div class=\"font-size-md\">Lassen Sie uns unsere Erfahrung in die Tat umsetzen. Wenden Sie sich an uns, wenn Sie hochwertige Produkte f\u00fcr die Druck-, Verpackungs- und Etikettenindustrie entwerfen und herstellen m\u00f6chten, die den Anforderungen Ihrer Kundschaft gerecht werden.<\/div>\r\n                        <a class=\"btn btn--white margin-inline-auto\" href=\"https:\/\/emtinternational.com\/contact-us\/\">Talk to an expert<div class=\"btn__icon icon-md icon-stroke-white\"><svg xmlns=\"http:\/\/www.w3.org\/2000\/svg\" width=\"24\" height=\"24\" viewBox=\"0 0 24 24\" fill=\"none\" aria-hidden=\"true\">\r\n<path d=\"M17 8L21 12M21 12L17 16M21 12H3\" stroke-width=\"2\" stroke-linecap=\"round\" stroke-linejoin=\"round\"\/>\r\n<\/svg><\/div><\/a>\r\n                    <\/div>\r\n    <\/div>\r\n    <div class=\"cta__overlay\"><\/div>\r\n    <div class=\"cta__image\">\r\n        <img loading=\"lazy\" decoding=\"async\" width=\"1400\" height=\"600\" src=\"https:\/\/emtinternational.com\/wp-content\/uploads\/2023\/06\/emt-employee-meeting-around-machine.jpg\" class=\"attachment-full size-full\" alt=\"Three EMT employees meeting around a machine\" srcset=\"https:\/\/emtinternational.com\/wp-content\/uploads\/2023\/06\/emt-employee-meeting-around-machine.jpg 1400w, https:\/\/emtinternational.com\/wp-content\/uploads\/2023\/06\/emt-employee-meeting-around-machine-600x257.jpg 600w, https:\/\/emtinternational.com\/wp-content\/uploads\/2023\/06\/emt-employee-meeting-around-machine-300x129.jpg 300w, https:\/\/emtinternational.com\/wp-content\/uploads\/2023\/06\/emt-employee-meeting-around-machine-1024x439.jpg 1024w, https:\/\/emtinternational.com\/wp-content\/uploads\/2023\/06\/emt-employee-meeting-around-machine-768x329.jpg 768w\" sizes=\"auto, (max-width: 1400px) 100vw, 1400px\" \/>    <\/div>\r\n<\/section>\r\n","protected":false},"excerpt":{"rendered":"<p>Bereiten Ihnen die Ausfallzeiten Ihrer Ger\u00e4te schlaflose N\u00e4chte? EMT International hat f\u00fcr Sie entlastende Dienstleistungen und Programme im Angebot! Unsere&#8230;<\/p>\n","protected":false},"author":3,"featured_media":3141,"parent":982,"menu_order":0,"comment_status":"closed","ping_status":"closed","template":"","meta":{"_acf_changed":false,"content-type":"","footnotes":""},"class_list":["post-993","page","type-page","status-publish","has-post-thumbnail","hentry"],"acf":[],"yoast_head":"<!-- This site is optimized with the Yoast SEO plugin v27.5 - https:\/\/yoast.com\/product\/yoast-seo-wordpress\/ -->\n<title>Service-Programme - EMT International<\/title>\n<meta name=\"description\" content=\"EMT offers customizable service plans for minimal downtime. Onsite tech, preventive maintenance and more. Optimize your line with our programs.\" \/>\n<meta name=\"robots\" content=\"index, follow, max-snippet:-1, max-image-preview:large, max-video-preview:-1\" \/>\n<link rel=\"canonical\" href=\"https:\/\/emtinternational.com\/de\/services\/service-programs\/\" \/>\n<meta property=\"og:locale\" content=\"de_DE\" \/>\n<meta property=\"og:type\" content=\"article\" \/>\n<meta property=\"og:title\" content=\"Service-Programme - EMT International\" \/>\n<meta property=\"og:description\" content=\"EMT offers customizable service plans for minimal downtime. Onsite tech, preventive maintenance and more. Optimize your line with our programs.\" \/>\n<meta property=\"og:url\" content=\"https:\/\/emtinternational.com\/de\/services\/service-programs\/\" \/>\n<meta property=\"og:site_name\" content=\"EMT International\" \/>\n<meta property=\"article:modified_time\" content=\"2024-12-03T18:25:43+00:00\" \/>\n<meta property=\"og:image\" content=\"https:\/\/emtinternational.com\/wp-content\/uploads\/2023\/09\/emt-service-programs.jpg\" \/>\n\t<meta property=\"og:image:width\" content=\"1600\" \/>\n\t<meta property=\"og:image:height\" content=\"1067\" \/>\n\t<meta property=\"og:image:type\" content=\"image\/jpeg\" \/>\n<meta name=\"twitter:card\" content=\"summary_large_image\" \/>\n<meta name=\"twitter:label1\" content=\"Gesch\u00e4tzte Lesezeit\" \/>\n\t<meta name=\"twitter:data1\" content=\"1\u00a0Minute\" \/>\n<script type=\"application\/ld+json\" class=\"yoast-schema-graph\">{\"@context\":\"https:\\\/\\\/schema.org\",\"@graph\":[{\"@type\":\"WebPage\",\"@id\":\"https:\\\/\\\/emtinternational.com\\\/de\\\/services\\\/service-programs\\\/\",\"url\":\"https:\\\/\\\/emtinternational.com\\\/de\\\/services\\\/service-programs\\\/\",\"name\":\"Service-Programme - EMT International\",\"isPartOf\":{\"@id\":\"https:\\\/\\\/emtinternational.com\\\/#website\"},\"primaryImageOfPage\":{\"@id\":\"https:\\\/\\\/emtinternational.com\\\/de\\\/services\\\/service-programs\\\/#primaryimage\"},\"image\":{\"@id\":\"https:\\\/\\\/emtinternational.com\\\/de\\\/services\\\/service-programs\\\/#primaryimage\"},\"thumbnailUrl\":\"https:\\\/\\\/emtinternational.com\\\/wp-content\\\/uploads\\\/2024\\\/12\\\/EMT-employees-18.jpg\",\"datePublished\":\"2023-06-26T06:11:26+00:00\",\"dateModified\":\"2024-12-03T18:25:43+00:00\",\"description\":\"EMT offers customizable service plans for minimal downtime. Onsite tech, preventive maintenance and more. Optimize your line with our programs.\",\"breadcrumb\":{\"@id\":\"https:\\\/\\\/emtinternational.com\\\/de\\\/services\\\/service-programs\\\/#breadcrumb\"},\"inLanguage\":\"de\",\"potentialAction\":[{\"@type\":\"ReadAction\",\"target\":[\"https:\\\/\\\/emtinternational.com\\\/de\\\/services\\\/service-programs\\\/\"]}]},{\"@type\":\"ImageObject\",\"inLanguage\":\"de\",\"@id\":\"https:\\\/\\\/emtinternational.com\\\/de\\\/services\\\/service-programs\\\/#primaryimage\",\"url\":\"https:\\\/\\\/emtinternational.com\\\/wp-content\\\/uploads\\\/2024\\\/12\\\/EMT-employees-18.jpg\",\"contentUrl\":\"https:\\\/\\\/emtinternational.com\\\/wp-content\\\/uploads\\\/2024\\\/12\\\/EMT-employees-18.jpg\",\"width\":2517,\"height\":1680},{\"@type\":\"BreadcrumbList\",\"@id\":\"https:\\\/\\\/emtinternational.com\\\/de\\\/services\\\/service-programs\\\/#breadcrumb\",\"itemListElement\":[{\"@type\":\"ListItem\",\"position\":1,\"name\":\"Home\",\"item\":\"https:\\\/\\\/emtinternational.com\\\/de\\\/\"},{\"@type\":\"ListItem\",\"position\":2,\"name\":\"Dienstleistungen\",\"item\":\"https:\\\/\\\/emtinternational.com\\\/de\\\/services\\\/\"},{\"@type\":\"ListItem\",\"position\":3,\"name\":\"Service-Programme\"}]},{\"@type\":\"WebSite\",\"@id\":\"https:\\\/\\\/emtinternational.com\\\/#website\",\"url\":\"https:\\\/\\\/emtinternational.com\\\/\",\"name\":\"EMT International\",\"description\":\"High-Quality Manufacturing. Customized Solutions.\",\"publisher\":{\"@id\":\"https:\\\/\\\/emtinternational.com\\\/#organization\"},\"potentialAction\":[{\"@type\":\"SearchAction\",\"target\":{\"@type\":\"EntryPoint\",\"urlTemplate\":\"https:\\\/\\\/emtinternational.com\\\/?s={search_term_string}\"},\"query-input\":{\"@type\":\"PropertyValueSpecification\",\"valueRequired\":true,\"valueName\":\"search_term_string\"}}],\"inLanguage\":\"de\"},{\"@type\":\"Organization\",\"@id\":\"https:\\\/\\\/emtinternational.com\\\/#organization\",\"name\":\"EMT International\",\"url\":\"https:\\\/\\\/emtinternational.com\\\/\",\"logo\":{\"@type\":\"ImageObject\",\"inLanguage\":\"de\",\"@id\":\"https:\\\/\\\/emtinternational.com\\\/#\\\/schema\\\/logo\\\/image\\\/\",\"url\":\"https:\\\/\\\/emtinternational.com\\\/wp-content\\\/uploads\\\/2026\\\/04\\\/EMT-Logo_2026_Gray-Orange-250.png\",\"contentUrl\":\"https:\\\/\\\/emtinternational.com\\\/wp-content\\\/uploads\\\/2026\\\/04\\\/EMT-Logo_2026_Gray-Orange-250.png\",\"width\":250,\"height\":125,\"caption\":\"EMT International\"},\"image\":{\"@id\":\"https:\\\/\\\/emtinternational.com\\\/#\\\/schema\\\/logo\\\/image\\\/\"}}]}<\/script>\n<!-- \/ Yoast SEO plugin. -->","yoast_head_json":{"title":"Service-Programme - EMT International","description":"EMT offers customizable service plans for minimal downtime. Onsite tech, preventive maintenance and more. Optimize your line with our programs.","robots":{"index":"index","follow":"follow","max-snippet":"max-snippet:-1","max-image-preview":"max-image-preview:large","max-video-preview":"max-video-preview:-1"},"canonical":"https:\/\/emtinternational.com\/de\/services\/service-programs\/","og_locale":"de_DE","og_type":"article","og_title":"Service-Programme - EMT International","og_description":"EMT offers customizable service plans for minimal downtime. Onsite tech, preventive maintenance and more. Optimize your line with our programs.","og_url":"https:\/\/emtinternational.com\/de\/services\/service-programs\/","og_site_name":"EMT International","article_modified_time":"2024-12-03T18:25:43+00:00","og_image":[{"width":1600,"height":1067,"url":"https:\/\/emtinternational.com\/wp-content\/uploads\/2023\/09\/emt-service-programs.jpg","type":"image\/jpeg"}],"twitter_card":"summary_large_image","twitter_misc":{"Gesch\u00e4tzte Lesezeit":"1\u00a0Minute"},"schema":{"@context":"https:\/\/schema.org","@graph":[{"@type":"WebPage","@id":"https:\/\/emtinternational.com\/de\/services\/service-programs\/","url":"https:\/\/emtinternational.com\/de\/services\/service-programs\/","name":"Service-Programme - EMT International","isPartOf":{"@id":"https:\/\/emtinternational.com\/#website"},"primaryImageOfPage":{"@id":"https:\/\/emtinternational.com\/de\/services\/service-programs\/#primaryimage"},"image":{"@id":"https:\/\/emtinternational.com\/de\/services\/service-programs\/#primaryimage"},"thumbnailUrl":"https:\/\/emtinternational.com\/wp-content\/uploads\/2024\/12\/EMT-employees-18.jpg","datePublished":"2023-06-26T06:11:26+00:00","dateModified":"2024-12-03T18:25:43+00:00","description":"EMT offers customizable service plans for minimal downtime. Onsite tech, preventive maintenance and more. Optimize your line with our programs.","breadcrumb":{"@id":"https:\/\/emtinternational.com\/de\/services\/service-programs\/#breadcrumb"},"inLanguage":"de","potentialAction":[{"@type":"ReadAction","target":["https:\/\/emtinternational.com\/de\/services\/service-programs\/"]}]},{"@type":"ImageObject","inLanguage":"de","@id":"https:\/\/emtinternational.com\/de\/services\/service-programs\/#primaryimage","url":"https:\/\/emtinternational.com\/wp-content\/uploads\/2024\/12\/EMT-employees-18.jpg","contentUrl":"https:\/\/emtinternational.com\/wp-content\/uploads\/2024\/12\/EMT-employees-18.jpg","width":2517,"height":1680},{"@type":"BreadcrumbList","@id":"https:\/\/emtinternational.com\/de\/services\/service-programs\/#breadcrumb","itemListElement":[{"@type":"ListItem","position":1,"name":"Home","item":"https:\/\/emtinternational.com\/de\/"},{"@type":"ListItem","position":2,"name":"Dienstleistungen","item":"https:\/\/emtinternational.com\/de\/services\/"},{"@type":"ListItem","position":3,"name":"Service-Programme"}]},{"@type":"WebSite","@id":"https:\/\/emtinternational.com\/#website","url":"https:\/\/emtinternational.com\/","name":"EMT International","description":"High-Quality Manufacturing. Customized Solutions.","publisher":{"@id":"https:\/\/emtinternational.com\/#organization"},"potentialAction":[{"@type":"SearchAction","target":{"@type":"EntryPoint","urlTemplate":"https:\/\/emtinternational.com\/?s={search_term_string}"},"query-input":{"@type":"PropertyValueSpecification","valueRequired":true,"valueName":"search_term_string"}}],"inLanguage":"de"},{"@type":"Organization","@id":"https:\/\/emtinternational.com\/#organization","name":"EMT International","url":"https:\/\/emtinternational.com\/","logo":{"@type":"ImageObject","inLanguage":"de","@id":"https:\/\/emtinternational.com\/#\/schema\/logo\/image\/","url":"https:\/\/emtinternational.com\/wp-content\/uploads\/2026\/04\/EMT-Logo_2026_Gray-Orange-250.png","contentUrl":"https:\/\/emtinternational.com\/wp-content\/uploads\/2026\/04\/EMT-Logo_2026_Gray-Orange-250.png","width":250,"height":125,"caption":"EMT International"},"image":{"@id":"https:\/\/emtinternational.com\/#\/schema\/logo\/image\/"}}]}},"jetpack_sharing_enabled":true,"_links":{"self":[{"href":"https:\/\/emtinternational.com\/de\/wp-json\/wp\/v2\/pages\/993","targetHints":{"allow":["GET"]}}],"collection":[{"href":"https:\/\/emtinternational.com\/de\/wp-json\/wp\/v2\/pages"}],"about":[{"href":"https:\/\/emtinternational.com\/de\/wp-json\/wp\/v2\/types\/page"}],"author":[{"embeddable":true,"href":"https:\/\/emtinternational.com\/de\/wp-json\/wp\/v2\/users\/3"}],"replies":[{"embeddable":true,"href":"https:\/\/emtinternational.com\/de\/wp-json\/wp\/v2\/comments?post=993"}],"version-history":[{"count":12,"href":"https:\/\/emtinternational.com\/de\/wp-json\/wp\/v2\/pages\/993\/revisions"}],"predecessor-version":[{"id":3146,"href":"https:\/\/emtinternational.com\/de\/wp-json\/wp\/v2\/pages\/993\/revisions\/3146"}],"up":[{"embeddable":true,"href":"https:\/\/emtinternational.com\/de\/wp-json\/wp\/v2\/pages\/982"}],"wp:featuredmedia":[{"embeddable":true,"href":"https:\/\/emtinternational.com\/de\/wp-json\/wp\/v2\/media\/3141"}],"wp:attachment":[{"href":"https:\/\/emtinternational.com\/de\/wp-json\/wp\/v2\/media?parent=993"}],"curies":[{"name":"wp","href":"https:\/\/api.w.org\/{rel}","templated":true}]}}