{"id":1021,"date":"2023-02-04T03:26:01","date_gmt":"2023-02-04T03:26:01","guid":{"rendered":"https:\/\/emtinternational.com\/product\/rsc-2-0-series\/"},"modified":"2024-08-06T12:02:16","modified_gmt":"2024-08-06T12:02:16","slug":"rsc-2-series","status":"publish","type":"product","link":"https:\/\/emtinternational.com\/de\/product\/rsc-2-series\/","title":{"rendered":"RSC 2.0 Serie"},"content":{"rendered":"","protected":false},"excerpt":{"rendered":"<h2>Inspektionsschneid-\/Wickelmaschine<\/h2>\n<p>Die RSC 2.0 Serie bietet eine umfassende Palette von Standardfunktionen in einer robusten, zug\u00e4nglichen, f\u00fcr maximale Bedienereffizienz und Produktivit\u00e4t optimierten Maschine.<\/p>\n<p>Standardfunktionen, inkl. Kartuschen-Schneideeinheit, vertikale Inspektionszone, automatische Spannungskontrolle, Servosteuerung, Jobspeicher, und einfache, funktionelle Bedienelemente bedeuten weniger Einrichtung und mehr Produktionszeit.<\/p>\n","protected":false},"featured_media":1239,"comment_status":"closed","ping_status":"closed","template":"","meta":{"_acf_changed":false,"content-type":""},"application":[101],"product_brand":[],"product_cat":[71,79],"product_tag":[],"class_list":{"0":"post-1021","1":"product","2":"type-product","3":"status-publish","4":"has-post-thumbnail","6":"application-etiketten","7":"product_cat-label-products-de","8":"product_cat-inspection-slitter-rewinder-solutions-de","10":"first","11":"instock","12":"shipping-taxable","13":"product-type-simple"},"acf":[],"yoast_head":"<!-- This site is optimized with the Yoast SEO plugin v27.3 - https:\/\/yoast.com\/product\/yoast-seo-wordpress\/ -->\n<title>RSC 2.0 Serie - EMT International<\/title>\n<meta name=\"description\" content=\"Experience more time to produce labels and less time to set up with EMT\u2019s efficient inspection slitter\/rewinder machine, the RSC 2.0 Series.\" \/>\n<meta name=\"robots\" content=\"index, follow, max-snippet:-1, max-image-preview:large, max-video-preview:-1\" \/>\n<link rel=\"canonical\" href=\"https:\/\/emtinternational.com\/produkt\/rsc-2-series\/\" \/>\n<meta property=\"og:locale\" content=\"de_DE\" \/>\n<meta property=\"og:type\" content=\"article\" \/>\n<meta property=\"og:title\" content=\"RSC 2.0 Serie - EMT International\" \/>\n<meta property=\"og:description\" content=\"Experience more time to produce labels and less time to set up with EMT\u2019s efficient inspection slitter\/rewinder machine, the RSC 2.0 Series.\" \/>\n<meta property=\"og:url\" content=\"https:\/\/emtinternational.com\/produkt\/rsc-2-series\/\" \/>\n<meta property=\"og:site_name\" content=\"EMT International\" \/>\n<meta property=\"article:modified_time\" content=\"2024-08-06T12:02:16+00:00\" \/>\n<meta property=\"og:image\" content=\"https:\/\/emtinternational.com\/wp-content\/uploads\/2023\/06\/EMT-rsc-v-1.jpg\" \/>\n\t<meta property=\"og:image:width\" content=\"1000\" \/>\n\t<meta property=\"og:image:height\" content=\"1000\" \/>\n\t<meta property=\"og:image:type\" content=\"image\/jpeg\" \/>\n<meta name=\"twitter:card\" content=\"summary_large_image\" \/>\n<meta name=\"twitter:label1\" content=\"Gesch\u00e4tzte Lesezeit\" \/>\n\t<meta name=\"twitter:data1\" content=\"1\u00a0Minute\" \/>\n<script type=\"application\/ld+json\" class=\"yoast-schema-graph\">{\"@context\":\"https:\\\/\\\/schema.org\",\"@graph\":[{\"@type\":\"WebPage\",\"@id\":\"https:\\\/\\\/emtinternational.com\\\/produkt\\\/rsc-2-series\\\/\",\"url\":\"https:\\\/\\\/emtinternational.com\\\/produkt\\\/rsc-2-series\\\/\",\"name\":\"RSC 2.0 Serie - EMT International\",\"isPartOf\":{\"@id\":\"https:\\\/\\\/emtinternational.com\\\/#website\"},\"primaryImageOfPage\":{\"@id\":\"https:\\\/\\\/emtinternational.com\\\/produkt\\\/rsc-2-series\\\/#primaryimage\"},\"image\":{\"@id\":\"https:\\\/\\\/emtinternational.com\\\/produkt\\\/rsc-2-series\\\/#primaryimage\"},\"thumbnailUrl\":\"https:\\\/\\\/emtinternational.com\\\/wp-content\\\/uploads\\\/2023\\\/06\\\/EMT-rsc-v-1.jpg\",\"datePublished\":\"2023-02-04T03:26:01+00:00\",\"dateModified\":\"2024-08-06T12:02:16+00:00\",\"description\":\"Experience more time to produce labels and less time to set up with EMT\u2019s efficient inspection slitter\\\/rewinder machine, the RSC 2.0 Series.\",\"breadcrumb\":{\"@id\":\"https:\\\/\\\/emtinternational.com\\\/produkt\\\/rsc-2-series\\\/#breadcrumb\"},\"inLanguage\":\"de\",\"potentialAction\":[{\"@type\":\"ReadAction\",\"target\":[\"https:\\\/\\\/emtinternational.com\\\/produkt\\\/rsc-2-series\\\/\"]}]},{\"@type\":\"ImageObject\",\"inLanguage\":\"de\",\"@id\":\"https:\\\/\\\/emtinternational.com\\\/produkt\\\/rsc-2-series\\\/#primaryimage\",\"url\":\"https:\\\/\\\/emtinternational.com\\\/wp-content\\\/uploads\\\/2023\\\/06\\\/EMT-rsc-v-1.jpg\",\"contentUrl\":\"https:\\\/\\\/emtinternational.com\\\/wp-content\\\/uploads\\\/2023\\\/06\\\/EMT-rsc-v-1.jpg\",\"width\":1000,\"height\":1000,\"caption\":\"EMT RSC Series\"},{\"@type\":\"BreadcrumbList\",\"@id\":\"https:\\\/\\\/emtinternational.com\\\/produkt\\\/rsc-2-series\\\/#breadcrumb\",\"itemListElement\":[{\"@type\":\"ListItem\",\"position\":1,\"name\":\"Home\",\"item\":\"https:\\\/\\\/emtinternational.com\\\/de\\\/\"},{\"@type\":\"ListItem\",\"position\":2,\"name\":\"Solutions\",\"item\":\"https:\\\/\\\/emtinternational.com\\\/solutions\\\/\"},{\"@type\":\"ListItem\",\"position\":3,\"name\":\"RSC 2.0 Serie\"}]},{\"@type\":\"WebSite\",\"@id\":\"https:\\\/\\\/emtinternational.com\\\/#website\",\"url\":\"https:\\\/\\\/emtinternational.com\\\/\",\"name\":\"EMT International\",\"description\":\"High-Quality Manufacturing. Customized Solutions.\",\"publisher\":{\"@id\":\"https:\\\/\\\/emtinternational.com\\\/#organization\"},\"potentialAction\":[{\"@type\":\"SearchAction\",\"target\":{\"@type\":\"EntryPoint\",\"urlTemplate\":\"https:\\\/\\\/emtinternational.com\\\/?s={search_term_string}\"},\"query-input\":{\"@type\":\"PropertyValueSpecification\",\"valueRequired\":true,\"valueName\":\"search_term_string\"}}],\"inLanguage\":\"de\"},{\"@type\":\"Organization\",\"@id\":\"https:\\\/\\\/emtinternational.com\\\/#organization\",\"name\":\"EMT International\",\"url\":\"https:\\\/\\\/emtinternational.com\\\/\",\"logo\":{\"@type\":\"ImageObject\",\"inLanguage\":\"de\",\"@id\":\"https:\\\/\\\/emtinternational.com\\\/#\\\/schema\\\/logo\\\/image\\\/\",\"url\":\"https:\\\/\\\/emtinternational.com\\\/wp-content\\\/uploads\\\/2024\\\/12\\\/emt-logo-250.png\",\"contentUrl\":\"https:\\\/\\\/emtinternational.com\\\/wp-content\\\/uploads\\\/2024\\\/12\\\/emt-logo-250.png\",\"width\":250,\"height\":55,\"caption\":\"EMT International\"},\"image\":{\"@id\":\"https:\\\/\\\/emtinternational.com\\\/#\\\/schema\\\/logo\\\/image\\\/\"}}]}<\/script>\n<!-- \/ Yoast SEO plugin. -->","yoast_head_json":{"title":"RSC 2.0 Serie - EMT International","description":"Experience more time to produce labels and less time to set up with EMT\u2019s efficient inspection slitter\/rewinder machine, the RSC 2.0 Series.","robots":{"index":"index","follow":"follow","max-snippet":"max-snippet:-1","max-image-preview":"max-image-preview:large","max-video-preview":"max-video-preview:-1"},"canonical":"https:\/\/emtinternational.com\/produkt\/rsc-2-series\/","og_locale":"de_DE","og_type":"article","og_title":"RSC 2.0 Serie - EMT International","og_description":"Experience more time to produce labels and less time to set up with EMT\u2019s efficient inspection slitter\/rewinder machine, the RSC 2.0 Series.","og_url":"https:\/\/emtinternational.com\/produkt\/rsc-2-series\/","og_site_name":"EMT International","article_modified_time":"2024-08-06T12:02:16+00:00","og_image":[{"width":1000,"height":1000,"url":"https:\/\/emtinternational.com\/wp-content\/uploads\/2023\/06\/EMT-rsc-v-1.jpg","type":"image\/jpeg"}],"twitter_card":"summary_large_image","twitter_misc":{"Gesch\u00e4tzte Lesezeit":"1\u00a0Minute"},"schema":{"@context":"https:\/\/schema.org","@graph":[{"@type":"WebPage","@id":"https:\/\/emtinternational.com\/produkt\/rsc-2-series\/","url":"https:\/\/emtinternational.com\/produkt\/rsc-2-series\/","name":"RSC 2.0 Serie - EMT International","isPartOf":{"@id":"https:\/\/emtinternational.com\/#website"},"primaryImageOfPage":{"@id":"https:\/\/emtinternational.com\/produkt\/rsc-2-series\/#primaryimage"},"image":{"@id":"https:\/\/emtinternational.com\/produkt\/rsc-2-series\/#primaryimage"},"thumbnailUrl":"https:\/\/emtinternational.com\/wp-content\/uploads\/2023\/06\/EMT-rsc-v-1.jpg","datePublished":"2023-02-04T03:26:01+00:00","dateModified":"2024-08-06T12:02:16+00:00","description":"Experience more time to produce labels and less time to set up with EMT\u2019s efficient inspection slitter\/rewinder machine, the RSC 2.0 Series.","breadcrumb":{"@id":"https:\/\/emtinternational.com\/produkt\/rsc-2-series\/#breadcrumb"},"inLanguage":"de","potentialAction":[{"@type":"ReadAction","target":["https:\/\/emtinternational.com\/produkt\/rsc-2-series\/"]}]},{"@type":"ImageObject","inLanguage":"de","@id":"https:\/\/emtinternational.com\/produkt\/rsc-2-series\/#primaryimage","url":"https:\/\/emtinternational.com\/wp-content\/uploads\/2023\/06\/EMT-rsc-v-1.jpg","contentUrl":"https:\/\/emtinternational.com\/wp-content\/uploads\/2023\/06\/EMT-rsc-v-1.jpg","width":1000,"height":1000,"caption":"EMT RSC Series"},{"@type":"BreadcrumbList","@id":"https:\/\/emtinternational.com\/produkt\/rsc-2-series\/#breadcrumb","itemListElement":[{"@type":"ListItem","position":1,"name":"Home","item":"https:\/\/emtinternational.com\/de\/"},{"@type":"ListItem","position":2,"name":"Solutions","item":"https:\/\/emtinternational.com\/solutions\/"},{"@type":"ListItem","position":3,"name":"RSC 2.0 Serie"}]},{"@type":"WebSite","@id":"https:\/\/emtinternational.com\/#website","url":"https:\/\/emtinternational.com\/","name":"EMT International","description":"High-Quality Manufacturing. Customized Solutions.","publisher":{"@id":"https:\/\/emtinternational.com\/#organization"},"potentialAction":[{"@type":"SearchAction","target":{"@type":"EntryPoint","urlTemplate":"https:\/\/emtinternational.com\/?s={search_term_string}"},"query-input":{"@type":"PropertyValueSpecification","valueRequired":true,"valueName":"search_term_string"}}],"inLanguage":"de"},{"@type":"Organization","@id":"https:\/\/emtinternational.com\/#organization","name":"EMT International","url":"https:\/\/emtinternational.com\/","logo":{"@type":"ImageObject","inLanguage":"de","@id":"https:\/\/emtinternational.com\/#\/schema\/logo\/image\/","url":"https:\/\/emtinternational.com\/wp-content\/uploads\/2024\/12\/emt-logo-250.png","contentUrl":"https:\/\/emtinternational.com\/wp-content\/uploads\/2024\/12\/emt-logo-250.png","width":250,"height":55,"caption":"EMT International"},"image":{"@id":"https:\/\/emtinternational.com\/#\/schema\/logo\/image\/"}}]}},"jetpack_sharing_enabled":true,"_links":{"self":[{"href":"https:\/\/emtinternational.com\/de\/wp-json\/wp\/v2\/product\/1021","targetHints":{"allow":["GET"]}}],"collection":[{"href":"https:\/\/emtinternational.com\/de\/wp-json\/wp\/v2\/product"}],"about":[{"href":"https:\/\/emtinternational.com\/de\/wp-json\/wp\/v2\/types\/product"}],"replies":[{"embeddable":true,"href":"https:\/\/emtinternational.com\/de\/wp-json\/wp\/v2\/comments?post=1021"}],"wp:featuredmedia":[{"embeddable":true,"href":"https:\/\/emtinternational.com\/de\/wp-json\/wp\/v2\/media\/1239"}],"wp:attachment":[{"href":"https:\/\/emtinternational.com\/de\/wp-json\/wp\/v2\/media?parent=1021"}],"wp:term":[{"taxonomy":"application","embeddable":true,"href":"https:\/\/emtinternational.com\/de\/wp-json\/wp\/v2\/application?post=1021"},{"taxonomy":"product_brand","embeddable":true,"href":"https:\/\/emtinternational.com\/de\/wp-json\/wp\/v2\/product_brand?post=1021"},{"taxonomy":"product_cat","embeddable":true,"href":"https:\/\/emtinternational.com\/de\/wp-json\/wp\/v2\/product_cat?post=1021"},{"taxonomy":"product_tag","embeddable":true,"href":"https:\/\/emtinternational.com\/de\/wp-json\/wp\/v2\/product_tag?post=1021"}],"curies":[{"name":"wp","href":"https:\/\/api.w.org\/{rel}","templated":true}]}}