{"id":1022,"date":"2023-02-10T03:38:37","date_gmt":"2023-02-10T03:38:37","guid":{"rendered":"https:\/\/emtinternational.com\/product\/rsp-h\/"},"modified":"2023-09-08T19:12:19","modified_gmt":"2023-09-08T19:12:19","slug":"rsp-h","status":"publish","type":"product","link":"https:\/\/emtinternational.com\/de\/product\/rsp-h\/","title":{"rendered":"RSP-H"},"content":{"rendered":"","protected":false},"excerpt":{"rendered":"<h2>F\u00fcr Pharmazeutische Sicherheit<\/h2>\n<p>Die Maschinen der Serie RSP-H wurden speziell f\u00fcr die anspruchsvollsten Anwendungen der Sicherheitsetikettenkontrolle und -weiterverarbeitung entwickelt. Das Kamerasystem bietet eine 100%ige Inspektion der Bahn und stoppt die Maschine, wenn ein Fehler erkannt wird, bevor das Schneiden oder andere Nachpr\u00fcfungsvorg\u00e4nge durchgef\u00fchrt werden.<\/p>\n<p>Das fehlerhafte Etikett wird automatisch auf den Inspektions-\/Splei\u00dftisch abgelegt, wo der Bediener Korrekturma\u00dfnahmen durchf\u00fchren kann. Sobald der Fehler behoben ist, wird die Bahn umgedreht, und das korrigierte Etikett l\u00e4uft ein zweites Mal durch die Kamerainspektion, um sicherzustellen, dass ein zu 100 % konformes Produkt an die n\u00e4chsten Produktionsstufen weitergeleitet wird.<\/p>\n<p>Die spezielle Konstruktion und die optionalen Rollen mit gro\u00dfem Durchmesser erm\u00f6glichen es der Maschine, Bookletsetiketten zu verarbeiten.<\/p>\n<p>Je nach erforderlichem Sicherheitsniveau k\u00f6nnen die Maschinen in zwei unterschiedlichen Konformit\u00e4tsstufen betrieben werden.<\/p>\n<h3>Full Compliance<\/h3>\n<p>Im Modus \u201eFull-Compliance\u201c muss ein fehlerhaftes Etikett korrigiert und erneut gepr\u00fcft werden, bevor der Prozess fortgesetzt werden kann &#8211; dieser Schritt kann nicht vom Bediener \u00fcbersprungen werden.<\/p>\n<p>Dieser Modus ist f\u00fcr Anwendungen gedacht, in denen die 100%ige Konformit\u00e4t der Etiketten mit den jeweiligen Anforderungen zwingend erforderlich ist.<\/p>\n<h3>Controlled Compliance<\/h3>\n<p>In diesem Modus liegt es im Ermessen des Bedieners, ob ein korrigiertes Etikett per Knopfdruck erneut \u00fcberpr\u00fcft wird, oder ob die Nachpr\u00fcfung \u00fcbersprungen und ein fehlerhaftes Etikett nach einer manuellen Inspektion bzw. Korrektur akzeptiert wird. Der Modus \u201eControlled Compliance\u201c ist f\u00fcr Premium-Etiketten mit hohen Qualit\u00e4tsanspr\u00fcchen gedacht, die dem Bediener jedoch einen gewissen Spielraum zur Erh\u00f6hung des Durchsatzes lassen.<\/p>\n","protected":false},"featured_media":1597,"comment_status":"closed","ping_status":"closed","template":"","meta":{"_acf_changed":false,"content-type":""},"application":[101],"product_brand":[],"product_cat":[80,71,79],"product_tag":[],"class_list":{"0":"post-1022","1":"product","2":"type-product","3":"status-publish","4":"has-post-thumbnail","6":"application-etiketten","7":"product_cat-booklet-extended-content","8":"product_cat-label-products-de","9":"product_cat-inspection-slitter-rewinder-solutions-de","11":"first","12":"instock","13":"shipping-taxable","14":"product-type-simple"},"acf":[],"yoast_head":"<!-- This site is optimized with the Yoast SEO plugin v27.5 - https:\/\/yoast.com\/product\/yoast-seo-wordpress\/ -->\n<title>RSP-H - EMT International<\/title>\n<meta name=\"description\" content=\"RSP-H Series machines: Designed by EMT International for demanding security label inspection and finishing applications.\" \/>\n<meta name=\"robots\" content=\"index, follow, max-snippet:-1, max-image-preview:large, max-video-preview:-1\" \/>\n<link rel=\"canonical\" href=\"https:\/\/emtinternational.com\/produkt\/rsp-h\/\" \/>\n<meta property=\"og:locale\" content=\"de_DE\" \/>\n<meta property=\"og:type\" content=\"article\" \/>\n<meta property=\"og:title\" content=\"RSP-H - EMT International\" \/>\n<meta property=\"og:description\" content=\"RSP-H Series machines: Designed by EMT International for demanding security label inspection and finishing applications.\" \/>\n<meta property=\"og:url\" content=\"https:\/\/emtinternational.com\/produkt\/rsp-h\/\" \/>\n<meta property=\"og:site_name\" content=\"EMT International\" \/>\n<meta property=\"article:modified_time\" content=\"2023-09-08T19:12:19+00:00\" \/>\n<meta property=\"og:image\" content=\"https:\/\/emtinternational.com\/wp-content\/uploads\/2023\/02\/rsp-h.jpg\" \/>\n\t<meta property=\"og:image:width\" content=\"1000\" \/>\n\t<meta property=\"og:image:height\" content=\"1000\" \/>\n\t<meta property=\"og:image:type\" content=\"image\/jpeg\" \/>\n<meta name=\"twitter:card\" content=\"summary_large_image\" \/>\n<script type=\"application\/ld+json\" class=\"yoast-schema-graph\">{\"@context\":\"https:\\\/\\\/schema.org\",\"@graph\":[{\"@type\":\"WebPage\",\"@id\":\"https:\\\/\\\/emtinternational.com\\\/produkt\\\/rsp-h\\\/\",\"url\":\"https:\\\/\\\/emtinternational.com\\\/produkt\\\/rsp-h\\\/\",\"name\":\"RSP-H - EMT International\",\"isPartOf\":{\"@id\":\"https:\\\/\\\/emtinternational.com\\\/#website\"},\"primaryImageOfPage\":{\"@id\":\"https:\\\/\\\/emtinternational.com\\\/produkt\\\/rsp-h\\\/#primaryimage\"},\"image\":{\"@id\":\"https:\\\/\\\/emtinternational.com\\\/produkt\\\/rsp-h\\\/#primaryimage\"},\"thumbnailUrl\":\"https:\\\/\\\/emtinternational.com\\\/wp-content\\\/uploads\\\/2023\\\/02\\\/rsp-h.jpg\",\"datePublished\":\"2023-02-10T03:38:37+00:00\",\"dateModified\":\"2023-09-08T19:12:19+00:00\",\"description\":\"RSP-H Series machines: Designed by EMT International for demanding security label inspection and finishing applications.\",\"breadcrumb\":{\"@id\":\"https:\\\/\\\/emtinternational.com\\\/produkt\\\/rsp-h\\\/#breadcrumb\"},\"inLanguage\":\"de\",\"potentialAction\":[{\"@type\":\"ReadAction\",\"target\":[\"https:\\\/\\\/emtinternational.com\\\/produkt\\\/rsp-h\\\/\"]}]},{\"@type\":\"ImageObject\",\"inLanguage\":\"de\",\"@id\":\"https:\\\/\\\/emtinternational.com\\\/produkt\\\/rsp-h\\\/#primaryimage\",\"url\":\"https:\\\/\\\/emtinternational.com\\\/wp-content\\\/uploads\\\/2023\\\/02\\\/rsp-h.jpg\",\"contentUrl\":\"https:\\\/\\\/emtinternational.com\\\/wp-content\\\/uploads\\\/2023\\\/02\\\/rsp-h.jpg\",\"width\":1000,\"height\":1000,\"caption\":\"EMT RSP-H\"},{\"@type\":\"BreadcrumbList\",\"@id\":\"https:\\\/\\\/emtinternational.com\\\/produkt\\\/rsp-h\\\/#breadcrumb\",\"itemListElement\":[{\"@type\":\"ListItem\",\"position\":1,\"name\":\"Home\",\"item\":\"https:\\\/\\\/emtinternational.com\\\/de\\\/\"},{\"@type\":\"ListItem\",\"position\":2,\"name\":\"Solutions\",\"item\":\"https:\\\/\\\/emtinternational.com\\\/solutions\\\/\"},{\"@type\":\"ListItem\",\"position\":3,\"name\":\"RSP-H\"}]},{\"@type\":\"WebSite\",\"@id\":\"https:\\\/\\\/emtinternational.com\\\/#website\",\"url\":\"https:\\\/\\\/emtinternational.com\\\/\",\"name\":\"EMT International\",\"description\":\"High-Quality Manufacturing. Customized Solutions.\",\"publisher\":{\"@id\":\"https:\\\/\\\/emtinternational.com\\\/#organization\"},\"potentialAction\":[{\"@type\":\"SearchAction\",\"target\":{\"@type\":\"EntryPoint\",\"urlTemplate\":\"https:\\\/\\\/emtinternational.com\\\/?s={search_term_string}\"},\"query-input\":{\"@type\":\"PropertyValueSpecification\",\"valueRequired\":true,\"valueName\":\"search_term_string\"}}],\"inLanguage\":\"de\"},{\"@type\":\"Organization\",\"@id\":\"https:\\\/\\\/emtinternational.com\\\/#organization\",\"name\":\"EMT International\",\"url\":\"https:\\\/\\\/emtinternational.com\\\/\",\"logo\":{\"@type\":\"ImageObject\",\"inLanguage\":\"de\",\"@id\":\"https:\\\/\\\/emtinternational.com\\\/#\\\/schema\\\/logo\\\/image\\\/\",\"url\":\"https:\\\/\\\/emtinternational.com\\\/wp-content\\\/uploads\\\/2026\\\/04\\\/EMT-Logo_2026_Gray-Orange-250.png\",\"contentUrl\":\"https:\\\/\\\/emtinternational.com\\\/wp-content\\\/uploads\\\/2026\\\/04\\\/EMT-Logo_2026_Gray-Orange-250.png\",\"width\":250,\"height\":125,\"caption\":\"EMT International\"},\"image\":{\"@id\":\"https:\\\/\\\/emtinternational.com\\\/#\\\/schema\\\/logo\\\/image\\\/\"}}]}<\/script>\n<!-- \/ Yoast SEO plugin. -->","yoast_head_json":{"title":"RSP-H - EMT International","description":"RSP-H Series machines: Designed by EMT International for demanding security label inspection and finishing applications.","robots":{"index":"index","follow":"follow","max-snippet":"max-snippet:-1","max-image-preview":"max-image-preview:large","max-video-preview":"max-video-preview:-1"},"canonical":"https:\/\/emtinternational.com\/produkt\/rsp-h\/","og_locale":"de_DE","og_type":"article","og_title":"RSP-H - EMT International","og_description":"RSP-H Series machines: Designed by EMT International for demanding security label inspection and finishing applications.","og_url":"https:\/\/emtinternational.com\/produkt\/rsp-h\/","og_site_name":"EMT International","article_modified_time":"2023-09-08T19:12:19+00:00","og_image":[{"width":1000,"height":1000,"url":"https:\/\/emtinternational.com\/wp-content\/uploads\/2023\/02\/rsp-h.jpg","type":"image\/jpeg"}],"twitter_card":"summary_large_image","schema":{"@context":"https:\/\/schema.org","@graph":[{"@type":"WebPage","@id":"https:\/\/emtinternational.com\/produkt\/rsp-h\/","url":"https:\/\/emtinternational.com\/produkt\/rsp-h\/","name":"RSP-H - EMT International","isPartOf":{"@id":"https:\/\/emtinternational.com\/#website"},"primaryImageOfPage":{"@id":"https:\/\/emtinternational.com\/produkt\/rsp-h\/#primaryimage"},"image":{"@id":"https:\/\/emtinternational.com\/produkt\/rsp-h\/#primaryimage"},"thumbnailUrl":"https:\/\/emtinternational.com\/wp-content\/uploads\/2023\/02\/rsp-h.jpg","datePublished":"2023-02-10T03:38:37+00:00","dateModified":"2023-09-08T19:12:19+00:00","description":"RSP-H Series machines: Designed by EMT International for demanding security label inspection and finishing applications.","breadcrumb":{"@id":"https:\/\/emtinternational.com\/produkt\/rsp-h\/#breadcrumb"},"inLanguage":"de","potentialAction":[{"@type":"ReadAction","target":["https:\/\/emtinternational.com\/produkt\/rsp-h\/"]}]},{"@type":"ImageObject","inLanguage":"de","@id":"https:\/\/emtinternational.com\/produkt\/rsp-h\/#primaryimage","url":"https:\/\/emtinternational.com\/wp-content\/uploads\/2023\/02\/rsp-h.jpg","contentUrl":"https:\/\/emtinternational.com\/wp-content\/uploads\/2023\/02\/rsp-h.jpg","width":1000,"height":1000,"caption":"EMT RSP-H"},{"@type":"BreadcrumbList","@id":"https:\/\/emtinternational.com\/produkt\/rsp-h\/#breadcrumb","itemListElement":[{"@type":"ListItem","position":1,"name":"Home","item":"https:\/\/emtinternational.com\/de\/"},{"@type":"ListItem","position":2,"name":"Solutions","item":"https:\/\/emtinternational.com\/solutions\/"},{"@type":"ListItem","position":3,"name":"RSP-H"}]},{"@type":"WebSite","@id":"https:\/\/emtinternational.com\/#website","url":"https:\/\/emtinternational.com\/","name":"EMT International","description":"High-Quality Manufacturing. Customized Solutions.","publisher":{"@id":"https:\/\/emtinternational.com\/#organization"},"potentialAction":[{"@type":"SearchAction","target":{"@type":"EntryPoint","urlTemplate":"https:\/\/emtinternational.com\/?s={search_term_string}"},"query-input":{"@type":"PropertyValueSpecification","valueRequired":true,"valueName":"search_term_string"}}],"inLanguage":"de"},{"@type":"Organization","@id":"https:\/\/emtinternational.com\/#organization","name":"EMT International","url":"https:\/\/emtinternational.com\/","logo":{"@type":"ImageObject","inLanguage":"de","@id":"https:\/\/emtinternational.com\/#\/schema\/logo\/image\/","url":"https:\/\/emtinternational.com\/wp-content\/uploads\/2026\/04\/EMT-Logo_2026_Gray-Orange-250.png","contentUrl":"https:\/\/emtinternational.com\/wp-content\/uploads\/2026\/04\/EMT-Logo_2026_Gray-Orange-250.png","width":250,"height":125,"caption":"EMT International"},"image":{"@id":"https:\/\/emtinternational.com\/#\/schema\/logo\/image\/"}}]}},"jetpack_sharing_enabled":true,"_links":{"self":[{"href":"https:\/\/emtinternational.com\/de\/wp-json\/wp\/v2\/product\/1022","targetHints":{"allow":["GET"]}}],"collection":[{"href":"https:\/\/emtinternational.com\/de\/wp-json\/wp\/v2\/product"}],"about":[{"href":"https:\/\/emtinternational.com\/de\/wp-json\/wp\/v2\/types\/product"}],"replies":[{"embeddable":true,"href":"https:\/\/emtinternational.com\/de\/wp-json\/wp\/v2\/comments?post=1022"}],"wp:featuredmedia":[{"embeddable":true,"href":"https:\/\/emtinternational.com\/de\/wp-json\/wp\/v2\/media\/1597"}],"wp:attachment":[{"href":"https:\/\/emtinternational.com\/de\/wp-json\/wp\/v2\/media?parent=1022"}],"wp:term":[{"taxonomy":"application","embeddable":true,"href":"https:\/\/emtinternational.com\/de\/wp-json\/wp\/v2\/application?post=1022"},{"taxonomy":"product_brand","embeddable":true,"href":"https:\/\/emtinternational.com\/de\/wp-json\/wp\/v2\/product_brand?post=1022"},{"taxonomy":"product_cat","embeddable":true,"href":"https:\/\/emtinternational.com\/de\/wp-json\/wp\/v2\/product_cat?post=1022"},{"taxonomy":"product_tag","embeddable":true,"href":"https:\/\/emtinternational.com\/de\/wp-json\/wp\/v2\/product_tag?post=1022"}],"curies":[{"name":"wp","href":"https:\/\/api.w.org\/{rel}","templated":true}]}}