{"id":1023,"date":"2023-02-10T03:58:39","date_gmt":"2023-02-10T03:58:39","guid":{"rendered":"https:\/\/emtinternational.com\/product\/bl-series\/"},"modified":"2024-08-06T12:07:55","modified_gmt":"2024-08-06T12:07:55","slug":"bl-series","status":"publish","type":"product","link":"https:\/\/emtinternational.com\/de\/product\/bl-series\/","title":{"rendered":"BL-Serie"},"content":{"rendered":"","protected":false},"excerpt":{"rendered":"<h2>Booklet-Produktionslinie<\/h2>\n<p>Die BL-Serie ist eine komplett servogesteuerte Hochgeschwindigkeits-Offline-L\u00f6sung f\u00fcr ECL- und Booklets-Etiketten, standardm\u00e4\u00dfig ausgestattet mit dem dreimotorigen Longford International OS700X Aufhol-Feeder oder dem Kraus JoKer Booklet-Feeder. Es handelt sich um eine komplette modulare L\u00f6sung mit einer bew\u00e4hrten Produktionsgeschwindigkeit von bis zu 60m\/min, und der Steuerung, die Sie brauchen, um das beste Resultat zu erzielen.<\/p>\n<p>Es ist die perfekte Maschine f\u00fcr die Herstellung von Booklets-, Coupon-, und mehrlagigen Etiketten, mit variablen Umf\u00e4ngen und Formaten.<\/p>\n","protected":false},"featured_media":1423,"comment_status":"closed","ping_status":"closed","template":"","meta":{"_acf_changed":false,"content-type":""},"application":[101],"product_brand":[],"product_cat":[80,71],"product_tag":[],"class_list":{"0":"post-1023","1":"product","2":"type-product","3":"status-publish","4":"has-post-thumbnail","6":"application-etiketten","7":"product_cat-booklet-extended-content","8":"product_cat-label-products-de","10":"first","11":"instock","12":"shipping-taxable","13":"product-type-simple"},"acf":[],"yoast_head":"<!-- This site is optimized with the Yoast SEO plugin v27.5 - https:\/\/yoast.com\/product\/yoast-seo-wordpress\/ -->\n<title>Label Products | BL Series - EMT International<\/title>\n<meta name=\"description\" content=\"EMT International\u2019s label products include the BL Series, a high-speed offline solution for ECL and booklet labels.\" \/>\n<meta name=\"robots\" content=\"index, follow, max-snippet:-1, max-image-preview:large, max-video-preview:-1\" \/>\n<link rel=\"canonical\" href=\"https:\/\/emtinternational.com\/produkt\/bl-series\/\" \/>\n<meta property=\"og:locale\" content=\"de_DE\" \/>\n<meta property=\"og:type\" content=\"article\" \/>\n<meta property=\"og:title\" content=\"Label Products | BL Series - EMT International\" \/>\n<meta property=\"og:description\" content=\"EMT International\u2019s label products include the BL Series, a high-speed offline solution for ECL and booklet labels.\" \/>\n<meta property=\"og:url\" content=\"https:\/\/emtinternational.com\/produkt\/bl-series\/\" \/>\n<meta property=\"og:site_name\" content=\"EMT International\" \/>\n<meta property=\"article:modified_time\" content=\"2024-08-06T12:07:55+00:00\" \/>\n<meta property=\"og:image\" content=\"https:\/\/emtinternational.com\/wp-content\/uploads\/2023\/02\/emt-bl-series-1.jpg\" \/>\n\t<meta property=\"og:image:width\" content=\"1000\" \/>\n\t<meta property=\"og:image:height\" content=\"1000\" \/>\n\t<meta property=\"og:image:type\" content=\"image\/jpeg\" \/>\n<meta name=\"twitter:card\" content=\"summary_large_image\" \/>\n<meta name=\"twitter:label1\" content=\"Gesch\u00e4tzte Lesezeit\" \/>\n\t<meta name=\"twitter:data1\" content=\"1\u00a0Minute\" \/>\n<script type=\"application\/ld+json\" class=\"yoast-schema-graph\">{\"@context\":\"https:\\\/\\\/schema.org\",\"@graph\":[{\"@type\":\"WebPage\",\"@id\":\"https:\\\/\\\/emtinternational.com\\\/produkt\\\/bl-series\\\/\",\"url\":\"https:\\\/\\\/emtinternational.com\\\/produkt\\\/bl-series\\\/\",\"name\":\"Label Products | BL Series - EMT International\",\"isPartOf\":{\"@id\":\"https:\\\/\\\/emtinternational.com\\\/#website\"},\"primaryImageOfPage\":{\"@id\":\"https:\\\/\\\/emtinternational.com\\\/produkt\\\/bl-series\\\/#primaryimage\"},\"image\":{\"@id\":\"https:\\\/\\\/emtinternational.com\\\/produkt\\\/bl-series\\\/#primaryimage\"},\"thumbnailUrl\":\"https:\\\/\\\/emtinternational.com\\\/wp-content\\\/uploads\\\/2023\\\/02\\\/emt-bl-series-1.jpg\",\"datePublished\":\"2023-02-10T03:58:39+00:00\",\"dateModified\":\"2024-08-06T12:07:55+00:00\",\"description\":\"EMT International\u2019s label products include the BL Series, a high-speed offline solution for ECL and booklet labels.\",\"breadcrumb\":{\"@id\":\"https:\\\/\\\/emtinternational.com\\\/produkt\\\/bl-series\\\/#breadcrumb\"},\"inLanguage\":\"de\",\"potentialAction\":[{\"@type\":\"ReadAction\",\"target\":[\"https:\\\/\\\/emtinternational.com\\\/produkt\\\/bl-series\\\/\"]}]},{\"@type\":\"ImageObject\",\"inLanguage\":\"de\",\"@id\":\"https:\\\/\\\/emtinternational.com\\\/produkt\\\/bl-series\\\/#primaryimage\",\"url\":\"https:\\\/\\\/emtinternational.com\\\/wp-content\\\/uploads\\\/2023\\\/02\\\/emt-bl-series-1.jpg\",\"contentUrl\":\"https:\\\/\\\/emtinternational.com\\\/wp-content\\\/uploads\\\/2023\\\/02\\\/emt-bl-series-1.jpg\",\"width\":1000,\"height\":1000,\"caption\":\"EMT BL series\"},{\"@type\":\"BreadcrumbList\",\"@id\":\"https:\\\/\\\/emtinternational.com\\\/produkt\\\/bl-series\\\/#breadcrumb\",\"itemListElement\":[{\"@type\":\"ListItem\",\"position\":1,\"name\":\"Home\",\"item\":\"https:\\\/\\\/emtinternational.com\\\/de\\\/\"},{\"@type\":\"ListItem\",\"position\":2,\"name\":\"Solutions\",\"item\":\"https:\\\/\\\/emtinternational.com\\\/solutions\\\/\"},{\"@type\":\"ListItem\",\"position\":3,\"name\":\"BL-Serie\"}]},{\"@type\":\"WebSite\",\"@id\":\"https:\\\/\\\/emtinternational.com\\\/#website\",\"url\":\"https:\\\/\\\/emtinternational.com\\\/\",\"name\":\"EMT International\",\"description\":\"High-Quality Manufacturing. Customized Solutions.\",\"publisher\":{\"@id\":\"https:\\\/\\\/emtinternational.com\\\/#organization\"},\"potentialAction\":[{\"@type\":\"SearchAction\",\"target\":{\"@type\":\"EntryPoint\",\"urlTemplate\":\"https:\\\/\\\/emtinternational.com\\\/?s={search_term_string}\"},\"query-input\":{\"@type\":\"PropertyValueSpecification\",\"valueRequired\":true,\"valueName\":\"search_term_string\"}}],\"inLanguage\":\"de\"},{\"@type\":\"Organization\",\"@id\":\"https:\\\/\\\/emtinternational.com\\\/#organization\",\"name\":\"EMT International\",\"url\":\"https:\\\/\\\/emtinternational.com\\\/\",\"logo\":{\"@type\":\"ImageObject\",\"inLanguage\":\"de\",\"@id\":\"https:\\\/\\\/emtinternational.com\\\/#\\\/schema\\\/logo\\\/image\\\/\",\"url\":\"https:\\\/\\\/emtinternational.com\\\/wp-content\\\/uploads\\\/2026\\\/04\\\/EMT-Logo_2026_Gray-Orange-250.png\",\"contentUrl\":\"https:\\\/\\\/emtinternational.com\\\/wp-content\\\/uploads\\\/2026\\\/04\\\/EMT-Logo_2026_Gray-Orange-250.png\",\"width\":250,\"height\":125,\"caption\":\"EMT International\"},\"image\":{\"@id\":\"https:\\\/\\\/emtinternational.com\\\/#\\\/schema\\\/logo\\\/image\\\/\"}}]}<\/script>\n<!-- \/ Yoast SEO plugin. -->","yoast_head_json":{"title":"Label Products | BL Series - EMT International","description":"EMT International\u2019s label products include the BL Series, a high-speed offline solution for ECL and booklet labels.","robots":{"index":"index","follow":"follow","max-snippet":"max-snippet:-1","max-image-preview":"max-image-preview:large","max-video-preview":"max-video-preview:-1"},"canonical":"https:\/\/emtinternational.com\/produkt\/bl-series\/","og_locale":"de_DE","og_type":"article","og_title":"Label Products | BL Series - EMT International","og_description":"EMT International\u2019s label products include the BL Series, a high-speed offline solution for ECL and booklet labels.","og_url":"https:\/\/emtinternational.com\/produkt\/bl-series\/","og_site_name":"EMT International","article_modified_time":"2024-08-06T12:07:55+00:00","og_image":[{"width":1000,"height":1000,"url":"https:\/\/emtinternational.com\/wp-content\/uploads\/2023\/02\/emt-bl-series-1.jpg","type":"image\/jpeg"}],"twitter_card":"summary_large_image","twitter_misc":{"Gesch\u00e4tzte Lesezeit":"1\u00a0Minute"},"schema":{"@context":"https:\/\/schema.org","@graph":[{"@type":"WebPage","@id":"https:\/\/emtinternational.com\/produkt\/bl-series\/","url":"https:\/\/emtinternational.com\/produkt\/bl-series\/","name":"Label Products | BL Series - EMT International","isPartOf":{"@id":"https:\/\/emtinternational.com\/#website"},"primaryImageOfPage":{"@id":"https:\/\/emtinternational.com\/produkt\/bl-series\/#primaryimage"},"image":{"@id":"https:\/\/emtinternational.com\/produkt\/bl-series\/#primaryimage"},"thumbnailUrl":"https:\/\/emtinternational.com\/wp-content\/uploads\/2023\/02\/emt-bl-series-1.jpg","datePublished":"2023-02-10T03:58:39+00:00","dateModified":"2024-08-06T12:07:55+00:00","description":"EMT International\u2019s label products include the BL Series, a high-speed offline solution for ECL and booklet labels.","breadcrumb":{"@id":"https:\/\/emtinternational.com\/produkt\/bl-series\/#breadcrumb"},"inLanguage":"de","potentialAction":[{"@type":"ReadAction","target":["https:\/\/emtinternational.com\/produkt\/bl-series\/"]}]},{"@type":"ImageObject","inLanguage":"de","@id":"https:\/\/emtinternational.com\/produkt\/bl-series\/#primaryimage","url":"https:\/\/emtinternational.com\/wp-content\/uploads\/2023\/02\/emt-bl-series-1.jpg","contentUrl":"https:\/\/emtinternational.com\/wp-content\/uploads\/2023\/02\/emt-bl-series-1.jpg","width":1000,"height":1000,"caption":"EMT BL series"},{"@type":"BreadcrumbList","@id":"https:\/\/emtinternational.com\/produkt\/bl-series\/#breadcrumb","itemListElement":[{"@type":"ListItem","position":1,"name":"Home","item":"https:\/\/emtinternational.com\/de\/"},{"@type":"ListItem","position":2,"name":"Solutions","item":"https:\/\/emtinternational.com\/solutions\/"},{"@type":"ListItem","position":3,"name":"BL-Serie"}]},{"@type":"WebSite","@id":"https:\/\/emtinternational.com\/#website","url":"https:\/\/emtinternational.com\/","name":"EMT International","description":"High-Quality Manufacturing. Customized Solutions.","publisher":{"@id":"https:\/\/emtinternational.com\/#organization"},"potentialAction":[{"@type":"SearchAction","target":{"@type":"EntryPoint","urlTemplate":"https:\/\/emtinternational.com\/?s={search_term_string}"},"query-input":{"@type":"PropertyValueSpecification","valueRequired":true,"valueName":"search_term_string"}}],"inLanguage":"de"},{"@type":"Organization","@id":"https:\/\/emtinternational.com\/#organization","name":"EMT International","url":"https:\/\/emtinternational.com\/","logo":{"@type":"ImageObject","inLanguage":"de","@id":"https:\/\/emtinternational.com\/#\/schema\/logo\/image\/","url":"https:\/\/emtinternational.com\/wp-content\/uploads\/2026\/04\/EMT-Logo_2026_Gray-Orange-250.png","contentUrl":"https:\/\/emtinternational.com\/wp-content\/uploads\/2026\/04\/EMT-Logo_2026_Gray-Orange-250.png","width":250,"height":125,"caption":"EMT International"},"image":{"@id":"https:\/\/emtinternational.com\/#\/schema\/logo\/image\/"}}]}},"jetpack_sharing_enabled":true,"_links":{"self":[{"href":"https:\/\/emtinternational.com\/de\/wp-json\/wp\/v2\/product\/1023","targetHints":{"allow":["GET"]}}],"collection":[{"href":"https:\/\/emtinternational.com\/de\/wp-json\/wp\/v2\/product"}],"about":[{"href":"https:\/\/emtinternational.com\/de\/wp-json\/wp\/v2\/types\/product"}],"replies":[{"embeddable":true,"href":"https:\/\/emtinternational.com\/de\/wp-json\/wp\/v2\/comments?post=1023"}],"wp:featuredmedia":[{"embeddable":true,"href":"https:\/\/emtinternational.com\/de\/wp-json\/wp\/v2\/media\/1423"}],"wp:attachment":[{"href":"https:\/\/emtinternational.com\/de\/wp-json\/wp\/v2\/media?parent=1023"}],"wp:term":[{"taxonomy":"application","embeddable":true,"href":"https:\/\/emtinternational.com\/de\/wp-json\/wp\/v2\/application?post=1023"},{"taxonomy":"product_brand","embeddable":true,"href":"https:\/\/emtinternational.com\/de\/wp-json\/wp\/v2\/product_brand?post=1023"},{"taxonomy":"product_cat","embeddable":true,"href":"https:\/\/emtinternational.com\/de\/wp-json\/wp\/v2\/product_cat?post=1023"},{"taxonomy":"product_tag","embeddable":true,"href":"https:\/\/emtinternational.com\/de\/wp-json\/wp\/v2\/product_tag?post=1023"}],"curies":[{"name":"wp","href":"https:\/\/api.w.org\/{rel}","templated":true}]}}