{"id":1026,"date":"2023-02-09T07:49:02","date_gmt":"2023-02-09T07:49:02","guid":{"rendered":"https:\/\/emtinternational.com\/product\/rsd-series\/"},"modified":"2023-09-07T16:52:33","modified_gmt":"2023-09-07T16:52:33","slug":"rsd-series","status":"publish","type":"product","link":"https:\/\/emtinternational.com\/de\/product\/rsd-series\/","title":{"rendered":"RSD-Serie"},"content":{"rendered":"","protected":false},"excerpt":{"rendered":"<h2>Stanzen, Schneiden, Umwickeln<\/h2>\n<p>Die RSD-Serie ist eine modulare, servogesteuerte Maschine mit einer Standard-Rotationsstanzstation zur Weiterverarbeitung von vorgedrucktem Material oder zur Herstellung von Blankoetiketten.<\/p>\n<p>Verf\u00fcgbar sind Revolveraufwicklung, mehrere Stanzstationen und zahlreiche Veredelungsoptionen zur Maximierung der Produktivit\u00e4t. Dar\u00fcber hinaus bietet unsere RCF-Serie Flexo- und Laminierstationen, um exakte Konfigurationen f\u00fcr eine breite Palette von Produkten zu erm\u00f6glichen.<\/p>\n<p>Das gro\u00dfe Touchscreen-GUI an einem schwenkbaren Arm erm\u00f6glicht an allen Stationen eine benutzerfreundliche Bedienung.<\/p>\n","protected":false},"featured_media":1517,"comment_status":"closed","ping_status":"closed","template":"","meta":{"_acf_changed":false,"content-type":""},"application":[101],"product_brand":[],"product_cat":[71,81],"product_tag":[],"class_list":{"0":"post-1026","1":"product","2":"type-product","3":"status-publish","4":"has-post-thumbnail","6":"application-etiketten","7":"product_cat-label-products-de","8":"product_cat-modular-label-finishing-solutions-de","10":"first","11":"instock","12":"shipping-taxable","13":"product-type-simple"},"acf":[],"yoast_head":"<!-- This site is optimized with the Yoast SEO plugin v27.3 - https:\/\/yoast.com\/product\/yoast-seo-wordpress\/ -->\n<title>RSD-Serie - EMT International<\/title>\n<meta name=\"description\" content=\"Learn about EMT\u2019s RSD Series, a modular, servo-driven machine with full rotary die-cutting station. Finishes preprinted material or produces blank labels.\" \/>\n<meta name=\"robots\" content=\"index, follow, max-snippet:-1, max-image-preview:large, max-video-preview:-1\" \/>\n<link rel=\"canonical\" href=\"https:\/\/emtinternational.com\/produkt\/rsd-series\/\" \/>\n<meta property=\"og:locale\" content=\"de_DE\" \/>\n<meta property=\"og:type\" content=\"article\" \/>\n<meta property=\"og:title\" content=\"RSD-Serie - EMT International\" \/>\n<meta property=\"og:description\" content=\"Learn about EMT\u2019s RSD Series, a modular, servo-driven machine with full rotary die-cutting station. Finishes preprinted material or produces blank labels.\" \/>\n<meta property=\"og:url\" content=\"https:\/\/emtinternational.com\/produkt\/rsd-series\/\" \/>\n<meta property=\"og:site_name\" content=\"EMT International\" \/>\n<meta property=\"article:modified_time\" content=\"2023-09-07T16:52:33+00:00\" \/>\n<meta property=\"og:image\" content=\"https:\/\/emtinternational.com\/wp-content\/uploads\/2023\/02\/emt-bl440.jpg\" \/>\n\t<meta property=\"og:image:width\" content=\"1000\" \/>\n\t<meta property=\"og:image:height\" content=\"1000\" \/>\n\t<meta property=\"og:image:type\" content=\"image\/jpeg\" \/>\n<meta name=\"twitter:card\" content=\"summary_large_image\" \/>\n<script type=\"application\/ld+json\" class=\"yoast-schema-graph\">{\"@context\":\"https:\\\/\\\/schema.org\",\"@graph\":[{\"@type\":\"WebPage\",\"@id\":\"https:\\\/\\\/emtinternational.com\\\/produkt\\\/rsd-series\\\/\",\"url\":\"https:\\\/\\\/emtinternational.com\\\/produkt\\\/rsd-series\\\/\",\"name\":\"RSD-Serie - EMT International\",\"isPartOf\":{\"@id\":\"https:\\\/\\\/emtinternational.com\\\/#website\"},\"primaryImageOfPage\":{\"@id\":\"https:\\\/\\\/emtinternational.com\\\/produkt\\\/rsd-series\\\/#primaryimage\"},\"image\":{\"@id\":\"https:\\\/\\\/emtinternational.com\\\/produkt\\\/rsd-series\\\/#primaryimage\"},\"thumbnailUrl\":\"https:\\\/\\\/emtinternational.com\\\/wp-content\\\/uploads\\\/2023\\\/02\\\/emt-bl440.jpg\",\"datePublished\":\"2023-02-09T07:49:02+00:00\",\"dateModified\":\"2023-09-07T16:52:33+00:00\",\"description\":\"Learn about EMT\u2019s RSD Series, a modular, servo-driven machine with full rotary die-cutting station. Finishes preprinted material or produces blank labels.\",\"breadcrumb\":{\"@id\":\"https:\\\/\\\/emtinternational.com\\\/produkt\\\/rsd-series\\\/#breadcrumb\"},\"inLanguage\":\"de\",\"potentialAction\":[{\"@type\":\"ReadAction\",\"target\":[\"https:\\\/\\\/emtinternational.com\\\/produkt\\\/rsd-series\\\/\"]}]},{\"@type\":\"ImageObject\",\"inLanguage\":\"de\",\"@id\":\"https:\\\/\\\/emtinternational.com\\\/produkt\\\/rsd-series\\\/#primaryimage\",\"url\":\"https:\\\/\\\/emtinternational.com\\\/wp-content\\\/uploads\\\/2023\\\/02\\\/emt-bl440.jpg\",\"contentUrl\":\"https:\\\/\\\/emtinternational.com\\\/wp-content\\\/uploads\\\/2023\\\/02\\\/emt-bl440.jpg\",\"width\":1000,\"height\":1000,\"caption\":\"EMT BL440\"},{\"@type\":\"BreadcrumbList\",\"@id\":\"https:\\\/\\\/emtinternational.com\\\/produkt\\\/rsd-series\\\/#breadcrumb\",\"itemListElement\":[{\"@type\":\"ListItem\",\"position\":1,\"name\":\"Home\",\"item\":\"https:\\\/\\\/emtinternational.com\\\/de\\\/\"},{\"@type\":\"ListItem\",\"position\":2,\"name\":\"Solutions\",\"item\":\"https:\\\/\\\/emtinternational.com\\\/solutions\\\/\"},{\"@type\":\"ListItem\",\"position\":3,\"name\":\"RSD-Serie\"}]},{\"@type\":\"WebSite\",\"@id\":\"https:\\\/\\\/emtinternational.com\\\/#website\",\"url\":\"https:\\\/\\\/emtinternational.com\\\/\",\"name\":\"EMT International\",\"description\":\"High-Quality Manufacturing. Customized Solutions.\",\"publisher\":{\"@id\":\"https:\\\/\\\/emtinternational.com\\\/#organization\"},\"potentialAction\":[{\"@type\":\"SearchAction\",\"target\":{\"@type\":\"EntryPoint\",\"urlTemplate\":\"https:\\\/\\\/emtinternational.com\\\/?s={search_term_string}\"},\"query-input\":{\"@type\":\"PropertyValueSpecification\",\"valueRequired\":true,\"valueName\":\"search_term_string\"}}],\"inLanguage\":\"de\"},{\"@type\":\"Organization\",\"@id\":\"https:\\\/\\\/emtinternational.com\\\/#organization\",\"name\":\"EMT International\",\"url\":\"https:\\\/\\\/emtinternational.com\\\/\",\"logo\":{\"@type\":\"ImageObject\",\"inLanguage\":\"de\",\"@id\":\"https:\\\/\\\/emtinternational.com\\\/#\\\/schema\\\/logo\\\/image\\\/\",\"url\":\"https:\\\/\\\/emtinternational.com\\\/wp-content\\\/uploads\\\/2024\\\/12\\\/emt-logo-250.png\",\"contentUrl\":\"https:\\\/\\\/emtinternational.com\\\/wp-content\\\/uploads\\\/2024\\\/12\\\/emt-logo-250.png\",\"width\":250,\"height\":55,\"caption\":\"EMT International\"},\"image\":{\"@id\":\"https:\\\/\\\/emtinternational.com\\\/#\\\/schema\\\/logo\\\/image\\\/\"}}]}<\/script>\n<!-- \/ Yoast SEO plugin. -->","yoast_head_json":{"title":"RSD-Serie - EMT International","description":"Learn about EMT\u2019s RSD Series, a modular, servo-driven machine with full rotary die-cutting station. Finishes preprinted material or produces blank labels.","robots":{"index":"index","follow":"follow","max-snippet":"max-snippet:-1","max-image-preview":"max-image-preview:large","max-video-preview":"max-video-preview:-1"},"canonical":"https:\/\/emtinternational.com\/produkt\/rsd-series\/","og_locale":"de_DE","og_type":"article","og_title":"RSD-Serie - EMT International","og_description":"Learn about EMT\u2019s RSD Series, a modular, servo-driven machine with full rotary die-cutting station. Finishes preprinted material or produces blank labels.","og_url":"https:\/\/emtinternational.com\/produkt\/rsd-series\/","og_site_name":"EMT International","article_modified_time":"2023-09-07T16:52:33+00:00","og_image":[{"width":1000,"height":1000,"url":"https:\/\/emtinternational.com\/wp-content\/uploads\/2023\/02\/emt-bl440.jpg","type":"image\/jpeg"}],"twitter_card":"summary_large_image","schema":{"@context":"https:\/\/schema.org","@graph":[{"@type":"WebPage","@id":"https:\/\/emtinternational.com\/produkt\/rsd-series\/","url":"https:\/\/emtinternational.com\/produkt\/rsd-series\/","name":"RSD-Serie - EMT International","isPartOf":{"@id":"https:\/\/emtinternational.com\/#website"},"primaryImageOfPage":{"@id":"https:\/\/emtinternational.com\/produkt\/rsd-series\/#primaryimage"},"image":{"@id":"https:\/\/emtinternational.com\/produkt\/rsd-series\/#primaryimage"},"thumbnailUrl":"https:\/\/emtinternational.com\/wp-content\/uploads\/2023\/02\/emt-bl440.jpg","datePublished":"2023-02-09T07:49:02+00:00","dateModified":"2023-09-07T16:52:33+00:00","description":"Learn about EMT\u2019s RSD Series, a modular, servo-driven machine with full rotary die-cutting station. Finishes preprinted material or produces blank labels.","breadcrumb":{"@id":"https:\/\/emtinternational.com\/produkt\/rsd-series\/#breadcrumb"},"inLanguage":"de","potentialAction":[{"@type":"ReadAction","target":["https:\/\/emtinternational.com\/produkt\/rsd-series\/"]}]},{"@type":"ImageObject","inLanguage":"de","@id":"https:\/\/emtinternational.com\/produkt\/rsd-series\/#primaryimage","url":"https:\/\/emtinternational.com\/wp-content\/uploads\/2023\/02\/emt-bl440.jpg","contentUrl":"https:\/\/emtinternational.com\/wp-content\/uploads\/2023\/02\/emt-bl440.jpg","width":1000,"height":1000,"caption":"EMT BL440"},{"@type":"BreadcrumbList","@id":"https:\/\/emtinternational.com\/produkt\/rsd-series\/#breadcrumb","itemListElement":[{"@type":"ListItem","position":1,"name":"Home","item":"https:\/\/emtinternational.com\/de\/"},{"@type":"ListItem","position":2,"name":"Solutions","item":"https:\/\/emtinternational.com\/solutions\/"},{"@type":"ListItem","position":3,"name":"RSD-Serie"}]},{"@type":"WebSite","@id":"https:\/\/emtinternational.com\/#website","url":"https:\/\/emtinternational.com\/","name":"EMT International","description":"High-Quality Manufacturing. Customized Solutions.","publisher":{"@id":"https:\/\/emtinternational.com\/#organization"},"potentialAction":[{"@type":"SearchAction","target":{"@type":"EntryPoint","urlTemplate":"https:\/\/emtinternational.com\/?s={search_term_string}"},"query-input":{"@type":"PropertyValueSpecification","valueRequired":true,"valueName":"search_term_string"}}],"inLanguage":"de"},{"@type":"Organization","@id":"https:\/\/emtinternational.com\/#organization","name":"EMT International","url":"https:\/\/emtinternational.com\/","logo":{"@type":"ImageObject","inLanguage":"de","@id":"https:\/\/emtinternational.com\/#\/schema\/logo\/image\/","url":"https:\/\/emtinternational.com\/wp-content\/uploads\/2024\/12\/emt-logo-250.png","contentUrl":"https:\/\/emtinternational.com\/wp-content\/uploads\/2024\/12\/emt-logo-250.png","width":250,"height":55,"caption":"EMT International"},"image":{"@id":"https:\/\/emtinternational.com\/#\/schema\/logo\/image\/"}}]}},"jetpack_sharing_enabled":true,"_links":{"self":[{"href":"https:\/\/emtinternational.com\/de\/wp-json\/wp\/v2\/product\/1026","targetHints":{"allow":["GET"]}}],"collection":[{"href":"https:\/\/emtinternational.com\/de\/wp-json\/wp\/v2\/product"}],"about":[{"href":"https:\/\/emtinternational.com\/de\/wp-json\/wp\/v2\/types\/product"}],"replies":[{"embeddable":true,"href":"https:\/\/emtinternational.com\/de\/wp-json\/wp\/v2\/comments?post=1026"}],"wp:featuredmedia":[{"embeddable":true,"href":"https:\/\/emtinternational.com\/de\/wp-json\/wp\/v2\/media\/1517"}],"wp:attachment":[{"href":"https:\/\/emtinternational.com\/de\/wp-json\/wp\/v2\/media?parent=1026"}],"wp:term":[{"taxonomy":"application","embeddable":true,"href":"https:\/\/emtinternational.com\/de\/wp-json\/wp\/v2\/application?post=1026"},{"taxonomy":"product_brand","embeddable":true,"href":"https:\/\/emtinternational.com\/de\/wp-json\/wp\/v2\/product_brand?post=1026"},{"taxonomy":"product_cat","embeddable":true,"href":"https:\/\/emtinternational.com\/de\/wp-json\/wp\/v2\/product_cat?post=1026"},{"taxonomy":"product_tag","embeddable":true,"href":"https:\/\/emtinternational.com\/de\/wp-json\/wp\/v2\/product_tag?post=1026"}],"curies":[{"name":"wp","href":"https:\/\/api.w.org\/{rel}","templated":true}]}}